{"id":20192,"date":"2016-08-12T06:33:57","date_gmt":"2016-08-12T06:33:57","guid":{"rendered":"http:\/\/micofora.com\/ca\/mapas-de-produccion-de-trufas\/"},"modified":"2025-11-17T16:21:17","modified_gmt":"2025-11-17T16:21:17","slug":"mapes-de-produccio-i-rendiment-de-plantacions-tofoneres","status":"publish","type":"page","link":"https:\/\/micofora.com\/ca\/mapes-de-produccio-i-rendiment-de-plantacions-tofoneres\/","title":{"rendered":"Mapes de producci\u00f3 de t\u00f2fones de la teva plantaci\u00f3"},"content":{"rendered":"<div class=\"fusion-fullwidth fullwidth-box fusion-builder-row-1 nonhundred-percent-fullwidth non-hundred-percent-height-scrolling\" style=\"--awb-background-position:left top;--awb-border-sizes-top:0px;--awb-border-sizes-bottom:0px;--awb-border-sizes-left:0px;--awb-border-sizes-right:0px;--awb-border-radius-top-left:0px;--awb-border-radius-top-right:0px;--awb-border-radius-bottom-right:0px;--awb-border-radius-bottom-left:0px;--awb-padding-top:20px;--awb-padding-bottom:20px;--awb-flex-wrap:wrap;\" ><div class=\"fusion-builder-row fusion-row\"><div class=\"fusion-layout-column fusion_builder_column fusion-builder-column-0 fusion_builder_column_1_3 1_3 fusion-one-third fusion-column-first\" style=\"--awb-bg-size:cover;width:30.6666%; margin-right: 4%;\"><div class=\"fusion-column-wrapper fusion-flex-column-wrapper-legacy\"><div class=\"fusion-image-element in-legacy-container\" style=\"--awb-caption-title-font-family:var(--h2_typography-font-family);--awb-caption-title-font-weight:var(--h2_typography-font-weight);--awb-caption-title-font-style:var(--h2_typography-font-style);--awb-caption-title-size:var(--h2_typography-font-size);--awb-caption-title-transform:var(--h2_typography-text-transform);--awb-caption-title-line-height:var(--h2_typography-line-height);--awb-caption-title-letter-spacing:var(--h2_typography-letter-spacing);\"><span class=\" fusion-imageframe imageframe-none imageframe-1 hover-type-zoomin\"><img decoding=\"async\" width=\"356\" height=\"250\" title=\"gps\" src=\"https:\/\/micofora.com\/wp-content\/uploads\/2025\/07\/gps.jpeg\" alt class=\"img-responsive wp-image-27593\" srcset=\"https:\/\/micofora.com\/wp-content\/uploads\/2025\/07\/gps-200x140.jpeg 200w, https:\/\/micofora.com\/wp-content\/uploads\/2025\/07\/gps.jpeg 356w\" sizes=\"(max-width: 800px) 100vw, 356px\" \/><\/span><\/div><div class=\"fusion-sep-clear\"><\/div><div class=\"fusion-separator fusion-full-width-sep fusion-clearfix\" style=\"float:left;margin-top:10px;margin-bottom:10px;width:100%;\"><\/div><div class=\"fusion-sep-clear\"><\/div><div class=\"fusion-text fusion-text-1\"><h3 style=\"text-align: left;\"><strong>Qu\u00e8 \u00e9s?<\/strong><\/h3>\n<p style=\"text-align: left;\">Gr\u00e0cies al registre geolocalitzat de cada t\u00f2fona amb GPS, generem mapes de producci\u00f3 detallats per parcel\u00b7la en cada campanya.<\/p>\n<p>No necessites invertir en equips costosos, pots utilitzar un GPS convencional o directament utilitzant el teu propi tel\u00e8fon m\u00f2bil. Avui dia, gr\u00e0cies a les noves tecnologies i el desenvolupament d&#8217;apps especialitzades, la presa de dades en camp \u00e9s m\u00e9s accessible i eficient que mai.<\/p>\n<p>Ens adaptem a cada cas particular i t&#8217;oferim assessorament continu per a ajudar-te a aconseguir els objectius establerts de manera precisa.<\/p>\n<div style=\"width: 1100px;\" class=\"wp-video\"><video class=\"wp-video-shortcode\" id=\"video-20192-1\" width=\"1100\" height=\"619\" preload=\"metadata\" controls=\"controls\"><source type=\"video\/mp4\" src=\"https:\/\/micofora.com\/wp-content\/uploads\/2025\/11\/GIS-MAPAS-DE-TRUFA-MICOFORA.mp4?_=1\" \/><a href=\"https:\/\/micofora.com\/wp-content\/uploads\/2025\/11\/GIS-MAPAS-DE-TRUFA-MICOFORA.mp4\">https:\/\/micofora.com\/wp-content\/uploads\/2025\/11\/GIS-MAPAS-DE-TRUFA-MICOFORA.mp4<\/a><\/video><\/div>\n<\/div><div class=\"fusion-image-element fusion-image-align-center in-legacy-container\" style=\"text-align:center;--awb-caption-title-font-family:var(--h2_typography-font-family);--awb-caption-title-font-weight:var(--h2_typography-font-weight);--awb-caption-title-font-style:var(--h2_typography-font-style);--awb-caption-title-size:var(--h2_typography-font-size);--awb-caption-title-transform:var(--h2_typography-text-transform);--awb-caption-title-line-height:var(--h2_typography-line-height);--awb-caption-title-letter-spacing:var(--h2_typography-letter-spacing);\"><div class=\"imageframe-align-center\"><span class=\" fusion-imageframe imageframe-none imageframe-2 hover-type-zoomin\"><img decoding=\"async\" width=\"488\" height=\"341\" title=\"icono movil gps\" src=\"https:\/\/micofora.com\/wp-content\/uploads\/2025\/07\/icono-movil-gps.jpg\" alt class=\"img-responsive wp-image-27555\" srcset=\"https:\/\/micofora.com\/wp-content\/uploads\/2025\/07\/icono-movil-gps-200x140.jpg 200w, https:\/\/micofora.com\/wp-content\/uploads\/2025\/07\/icono-movil-gps-400x280.jpg 400w, https:\/\/micofora.com\/wp-content\/uploads\/2025\/07\/icono-movil-gps.jpg 488w\" sizes=\"(max-width: 800px) 100vw, 400px\" \/><\/span><\/div><\/div><div class=\"fusion-reading-box-container reading-box-container-1\" style=\"--awb-title-color:#333333;--awb-margin-top:0px;--awb-margin-bottom:84px;\"><div class=\"reading-box\" style=\"background-color:#f6f6f6;border-width:1px;border-color:#f6f6f6;border-top-width:3px;border-top-color:var(--primary_color);border-style:solid;\"><h2>Quant costa?<\/h2><div class=\"reading-box-description fusion-reading-box-additional\">Tota la informaci\u00f3 es tracta de manera confidencial i exclusivament amb el client. Expliqui'ns el seu cas i li aconsellarem.<\/div><div class=\"reading-box-additional\">\n<ul>\n<li>Adquisici\u00f3 i personalitzaci\u00f3 dels dispositius GPS: Utilitza el teu propi tel\u00e8fon m\u00f2bil o adquireix un GPS tipus GARMIN Dakota 20 (200\u20ac\/unitat).<\/li>\n<li>Despeses d&#8217;implantaci\u00f3 per digitalitzar la teva parcela: 30\u20ac \/ ha<\/li>\n<li>Elaboraci\u00f3 de l&#8217;informe anual: 400\u20ac\/parcel\u00b7la fins a 5has + 30\u20ac per ha addicional<\/li>\n<li>Si fas servir GPS nom\u00e9s has de marcar punts i no hi ha costos extra, per\u00f2 si vols fer servir una app gratu\u00efta del teu smartphone i recopilar m\u00e9s dades, t&#8217;ajudarem en el seu funcionament i en crear el formulari espec\u00edfic per a la teva plantaci\u00f3, tot online. En aquest cas hi ha un cost extra de 400\u20ac (nom\u00e9s cal el primer any)<\/li>\n<\/ul>\n<p>Els preus no inclouen l&#8217;IVA<\/p>\n<\/div><div class=\"fusion-clearfix\"><\/div><\/div><\/div><div class=\"fusion-clearfix\"><\/div><\/div><\/div><div class=\"fusion-layout-column fusion_builder_column fusion-builder-column-1 fusion_builder_column_1_3 1_3 fusion-one-third\" style=\"--awb-bg-size:cover;width:30.6666%; margin-right: 4%;\"><div class=\"fusion-column-wrapper fusion-flex-column-wrapper-legacy\"><div class=\"fusion-image-element in-legacy-container\" style=\"--awb-caption-title-font-family:var(--h2_typography-font-family);--awb-caption-title-font-weight:var(--h2_typography-font-weight);--awb-caption-title-font-style:var(--h2_typography-font-style);--awb-caption-title-size:var(--h2_typography-font-size);--awb-caption-title-transform:var(--h2_typography-text-transform);--awb-caption-title-line-height:var(--h2_typography-line-height);--awb-caption-title-letter-spacing:var(--h2_typography-letter-spacing);\"><span class=\" fusion-imageframe imageframe-none imageframe-3 hover-type-zoomin\"><img decoding=\"async\" width=\"356\" height=\"250\" title=\"Batea mapa calor\" src=\"https:\/\/micofora.com\/wp-content\/uploads\/2025\/07\/Batea-mapa-calor-1-e1752559826468.jpg\" alt class=\"img-responsive wp-image-27606\" srcset=\"https:\/\/micofora.com\/wp-content\/uploads\/2025\/07\/Batea-mapa-calor-1-e1752559826468-300x211.jpg 300w, https:\/\/micofora.com\/wp-content\/uploads\/2025\/07\/Batea-mapa-calor-1-e1752559826468.jpg 356w\" sizes=\"(max-width: 356px) 100vw, 356px\" \/><\/span><\/div><div class=\"fusion-sep-clear\"><\/div><div class=\"fusion-separator fusion-full-width-sep fusion-clearfix\" style=\"float:left;margin-top:10px;margin-bottom:10px;width:100%;\"><\/div><div class=\"fusion-sep-clear\"><\/div><div class=\"fusion-text fusion-text-2\"><h3 style=\"text-align: left;\"><strong>Proc\u00e9s<\/strong><\/h3>\n<p><strong>\u2022<\/strong> Pas 1: Digitalitzaci\u00f3 de la plantaci\u00f3<\/p>\n<p>Nosaltres ens fem c\u00e0rrec d&#8217;aquest pas, situem tots els arbres de la teva plantaci\u00f3 que ens serviran de refer\u00e8ncia a l&#8217;hora de marcar les t\u00f2fones.<\/p>\n<\/div><div class=\"fusion-image-element fusion-image-align-center in-legacy-container\" style=\"text-align:center;--awb-caption-title-font-family:var(--h2_typography-font-family);--awb-caption-title-font-weight:var(--h2_typography-font-weight);--awb-caption-title-font-style:var(--h2_typography-font-style);--awb-caption-title-size:var(--h2_typography-font-size);--awb-caption-title-transform:var(--h2_typography-text-transform);--awb-caption-title-line-height:var(--h2_typography-line-height);--awb-caption-title-letter-spacing:var(--h2_typography-letter-spacing);\"><div class=\"imageframe-align-center\"><span class=\" fusion-imageframe imageframe-none imageframe-4 hover-type-zoomin\"><img decoding=\"async\" width=\"356\" height=\"250\" title=\"GPS paso 1\" src=\"https:\/\/micofora.com\/wp-content\/uploads\/2025\/07\/GPS-paso-1-e1752560753649.jpg\" alt class=\"img-responsive wp-image-27565\" srcset=\"https:\/\/micofora.com\/wp-content\/uploads\/2025\/07\/GPS-paso-1-e1752560753649-300x211.jpg 300w, https:\/\/micofora.com\/wp-content\/uploads\/2025\/07\/GPS-paso-1-e1752560753649.jpg 356w\" sizes=\"(max-width: 356px) 100vw, 356px\" \/><\/span><\/div><\/div><div class=\"fusion-sep-clear\"><\/div><div class=\"fusion-separator fusion-full-width-sep fusion-clearfix\" style=\"float:left;margin-top:10px;margin-bottom:10px;width:100%;\"><\/div><div class=\"fusion-sep-clear\"><\/div><div class=\"fusion-text fusion-text-3\"><p><strong>\u2022<\/strong> Pas 2: Generem el formulari de camp<\/p>\n<p>Decideix el tipus d&#8217;informaci\u00f3 que t&#8217;interessa obtenir, ens adaptem a les teves necessitats i utilitzem opcions desplegables per a agilitzar el proc\u00e9s.<\/p>\n<\/div><div class=\"fusion-image-element fusion-image-align-center in-legacy-container\" style=\"text-align:center;--awb-caption-title-font-family:var(--h2_typography-font-family);--awb-caption-title-font-weight:var(--h2_typography-font-weight);--awb-caption-title-font-style:var(--h2_typography-font-style);--awb-caption-title-size:var(--h2_typography-font-size);--awb-caption-title-transform:var(--h2_typography-text-transform);--awb-caption-title-line-height:var(--h2_typography-line-height);--awb-caption-title-letter-spacing:var(--h2_typography-letter-spacing);\"><div class=\"imageframe-align-center\"><span class=\" fusion-imageframe imageframe-none imageframe-5 hover-type-none\"><img decoding=\"async\" width=\"655\" height=\"583\" title=\"GPS Paso 2\" src=\"https:\/\/micofora.com\/wp-content\/uploads\/2025\/07\/GPS-Paso-2-2.jpg\" alt class=\"img-responsive wp-image-27577\" srcset=\"https:\/\/micofora.com\/wp-content\/uploads\/2025\/07\/GPS-Paso-2-2-200x178.jpg 200w, https:\/\/micofora.com\/wp-content\/uploads\/2025\/07\/GPS-Paso-2-2-400x356.jpg 400w, https:\/\/micofora.com\/wp-content\/uploads\/2025\/07\/GPS-Paso-2-2-600x534.jpg 600w, https:\/\/micofora.com\/wp-content\/uploads\/2025\/07\/GPS-Paso-2-2.jpg 655w\" sizes=\"(max-width: 800px) 100vw, 400px\" \/><\/span><\/div><\/div><div class=\"fusion-sep-clear\"><\/div><div class=\"fusion-separator fusion-full-width-sep fusion-clearfix\" style=\"float:left;margin-top:10px;margin-bottom:10px;width:100%;\"><\/div><div class=\"fusion-sep-clear\"><\/div><div class=\"fusion-text fusion-text-4\"><p><strong>\u2022<\/strong> Pas 3: Presa de dades<\/p>\n<p>Ves al camp i marca on apareixen les t\u00f2fones recopilant la informaci\u00f3 desitjada.<\/p>\n<\/div><div class=\"fusion-text fusion-text-5\"><p><strong>\u2022<\/strong> Pas 4: Interpretaci\u00f3 de resultats<\/p>\n<p>Un cop finalitzada la campanya de recol\u00b7lecci\u00f3, desc\u00e0rrega totes les dades recopilades i realitza un informe anual de campanya.<\/p>\n<\/div><div class=\"fusion-image-element fusion-image-align-left in-legacy-container\" style=\"text-align:left;--awb-caption-title-font-family:var(--h2_typography-font-family);--awb-caption-title-font-weight:var(--h2_typography-font-weight);--awb-caption-title-font-style:var(--h2_typography-font-style);--awb-caption-title-size:var(--h2_typography-font-size);--awb-caption-title-transform:var(--h2_typography-text-transform);--awb-caption-title-line-height:var(--h2_typography-line-height);--awb-caption-title-letter-spacing:var(--h2_typography-letter-spacing);\"><span class=\" fusion-imageframe imageframe-none imageframe-6 hover-type-zoomin\" style=\"margin-right:25px;float:left;\"><img decoding=\"async\" width=\"843\" height=\"383\" title=\"GPS paso 4\" src=\"https:\/\/micofora.com\/wp-content\/uploads\/2025\/07\/GPS-paso-4.jpg\" alt class=\"img-responsive wp-image-27581\" srcset=\"https:\/\/micofora.com\/wp-content\/uploads\/2025\/07\/GPS-paso-4-200x91.jpg 200w, https:\/\/micofora.com\/wp-content\/uploads\/2025\/07\/GPS-paso-4-400x182.jpg 400w, https:\/\/micofora.com\/wp-content\/uploads\/2025\/07\/GPS-paso-4-600x273.jpg 600w, https:\/\/micofora.com\/wp-content\/uploads\/2025\/07\/GPS-paso-4-800x363.jpg 800w, https:\/\/micofora.com\/wp-content\/uploads\/2025\/07\/GPS-paso-4.jpg 843w\" sizes=\"(max-width: 800px) 100vw, 400px\" \/><\/span><\/div><div class=\"fusion-clearfix\"><\/div><\/div><\/div><div class=\"fusion-layout-column fusion_builder_column fusion-builder-column-2 fusion_builder_column_1_3 1_3 fusion-one-third fusion-column-last\" style=\"--awb-bg-size:cover;width:30.6666%;\"><div class=\"fusion-column-wrapper fusion-flex-column-wrapper-legacy\"><div class=\"fusion-image-element in-legacy-container\" style=\"--awb-caption-title-font-family:var(--h2_typography-font-family);--awb-caption-title-font-weight:var(--h2_typography-font-weight);--awb-caption-title-font-style:var(--h2_typography-font-style);--awb-caption-title-size:var(--h2_typography-font-size);--awb-caption-title-transform:var(--h2_typography-text-transform);--awb-caption-title-line-height:var(--h2_typography-line-height);--awb-caption-title-letter-spacing:var(--h2_typography-letter-spacing);\"><span class=\" fusion-imageframe imageframe-none imageframe-7 hover-type-zoomin\"><img decoding=\"async\" width=\"356\" height=\"250\" title=\"batea puntos\" src=\"https:\/\/micofora.com\/wp-content\/uploads\/2025\/07\/batea-puntos-1-e1752560622285.jpg\" alt class=\"img-responsive wp-image-27616\" srcset=\"https:\/\/micofora.com\/wp-content\/uploads\/2025\/07\/batea-puntos-1-e1752560622285-300x211.jpg 300w, https:\/\/micofora.com\/wp-content\/uploads\/2025\/07\/batea-puntos-1-e1752560622285.jpg 356w\" sizes=\"(max-width: 356px) 100vw, 356px\" \/><\/span><\/div><div class=\"fusion-sep-clear\"><\/div><div class=\"fusion-separator fusion-full-width-sep fusion-clearfix\" style=\"float:left;margin-top:10px;margin-bottom:10px;width:100%;\"><\/div><div class=\"fusion-sep-clear\"><\/div><div class=\"fusion-text fusion-text-6\"><h3 style=\"text-align: left;\"><strong>Avantatges<\/strong><\/h3>\n<p><strong>\u2022 <\/strong>Coneix la teva plantaci\u00f3. On i quan produeix, respon a preguntes com:<\/p>\n<ol>\n<li>Quin \u00e9s el pes de les t\u00f2fones al llarg de tota la campanya de recol\u00b7lecci\u00f3?<\/li>\n<li>Quines zones o arbres s\u00f3n els m\u00e9s productius?<\/li>\n<li>Quin percentatge de t\u00f2fones apareixen en niu?<\/li>\n<li>Quin percentatge de t\u00f2fones apareixen en una exposici\u00f3 ombrejada\/assolellada?<\/li>\n<li>Quin tipus de poda \u00e9s millor a la meva plantaci\u00f3?<\/li>\n<li>Quin percentatge de leiodes ha afectat el total de la producci\u00f3?<\/li>\n<li>Hi ha alguna zona que no produeix?<\/li>\n<li>Amb quina freq\u00fc\u00e8ncia de reg agafo m\u00e9s t\u00f2fona?<\/li>\n<\/ol>\n<p><strong>\u2022 <\/strong>Treballa de manera Offline. No importa on estigui localitzada la teva plantaci\u00f3, aquest sistema et permet treballar en zones remotes en les quals no hi ha cobertura telef\u00f2nica ni acc\u00e9s a internet.<\/p>\n<p><strong>\u2022 <\/strong>Treballem amb precisi\u00f3. Com que tindr\u00e0s tots els arbres de la plantaci\u00f3 localitzats al tel\u00e8fon m\u00f2bil, es poden aconseguir precisions subm\u00e8triques (error inferior a 1 metre).<\/p>\n<p><strong>\u2022 <\/strong>Treballem amb software de codi obert GNU (General Public License), lliure i de f\u00e0cil acc\u00e9s.<\/p>\n<p><strong>\u2022 <\/strong>Assessorament 100% a dist\u00e0ncia. Tot el proc\u00e9s es pot realitzar a dist\u00e0ncia.<\/p>\n<p><strong>\u2022 <\/strong>Genera un registre continu al llarg dels anys. Quanta m\u00e9s informaci\u00f3 s&#8217;afegeixi al sistema majors conclusions podr\u00e0s obtenir.<\/p>\n<p><strong>\u2022 <\/strong>Genera un mapa de calor on visualitzar\u00e0s quines zones s\u00f3n m\u00e9s productores.<\/p>\n<\/div><div class=\"fusion-image-element fusion-image-align-center in-legacy-container\" style=\"text-align:center;--awb-caption-title-font-family:var(--h2_typography-font-family);--awb-caption-title-font-weight:var(--h2_typography-font-weight);--awb-caption-title-font-style:var(--h2_typography-font-style);--awb-caption-title-size:var(--h2_typography-font-size);--awb-caption-title-transform:var(--h2_typography-text-transform);--awb-caption-title-line-height:var(--h2_typography-line-height);--awb-caption-title-letter-spacing:var(--h2_typography-letter-spacing);\"><div class=\"imageframe-align-center\"><span class=\" fusion-imageframe imageframe-none imageframe-8 hover-type-zoomin\"><img decoding=\"async\" width=\"356\" height=\"250\" title=\"batea x sectores\" src=\"https:\/\/micofora.com\/wp-content\/uploads\/2025\/07\/batea-x-sectores-e1752561450329.jpg\" alt class=\"img-responsive wp-image-27620\" srcset=\"https:\/\/micofora.com\/wp-content\/uploads\/2025\/07\/batea-x-sectores-e1752561450329-300x211.jpg 300w, https:\/\/micofora.com\/wp-content\/uploads\/2025\/07\/batea-x-sectores-e1752561450329.jpg 356w\" sizes=\"(max-width: 356px) 100vw, 356px\" \/><\/span><\/div><\/div><div class=\"fusion-sep-clear\"><\/div><div class=\"fusion-separator fusion-full-width-sep fusion-clearfix\" style=\"float:left;margin-top:10px;margin-bottom:10px;width:100%;\"><\/div><div class=\"fusion-sep-clear\"><\/div><div class=\"fusion-text fusion-text-7\"><p><strong>\u2022 <\/strong>Optimitzaci\u00f3 de recursos. Aquest tipus de registres \u00e9s molt recomanat en plantacions joves que comencen a produir, any 5 a 10. Sectoritza la plantaci\u00f3 i estableix diferents patrons de gesti\u00f3 per a quan la teva plantaci\u00f3 estigui a ple rendiment s\u00e0pigues quina aportaci\u00f3 d&#8217;espores, freq\u00fc\u00e8ncia de reg, poda o tractaments s\u00f3n m\u00e9s rentables a la teva plantaci\u00f3.<\/p>\n<\/div><div class=\"fusion-clearfix\"><\/div><\/div><\/div><\/div><\/div>\n","protected":false},"excerpt":{"rendered":"","protected":false},"author":6,"featured_media":0,"parent":0,"menu_order":0,"comment_status":"closed","ping_status":"closed","template":"","meta":{"footnotes":""},"class_list":["post-20192","page","type-page","status-publish","hentry"],"yoast_head":"<!-- This site is optimized with the Yoast SEO plugin v27.4 - https:\/\/yoast.com\/product\/yoast-seo-wordpress\/ -->\n<title>Mapes de producci\u00f3 de t\u00f2fones de la teva plantaci\u00f3 - Micofora<\/title>\n<meta name=\"description\" content=\"Gr\u00e0cies al registre de cada t\u00f2fona amb un GPS s&#039;aconsegueix obtenir mapes de producci\u00f3 de la teva plantaci\u00f3, per parcel\u00b7la en cada campanya.\" \/>\n<meta name=\"robots\" content=\"index, follow, max-snippet:-1, max-image-preview:large, max-video-preview:-1\" \/>\n<link rel=\"canonical\" href=\"https:\/\/micofora.com\/ca\/mapes-de-produccio-i-rendiment-de-plantacions-tofoneres\/\" \/>\n<meta property=\"og:locale\" content=\"ca_ES\" \/>\n<meta property=\"og:type\" content=\"article\" \/>\n<meta property=\"og:title\" content=\"Mapes de producci\u00f3 de t\u00f2fones de la teva plantaci\u00f3 - Micofora\" \/>\n<meta property=\"og:description\" content=\"Gr\u00e0cies al registre de cada t\u00f2fona amb un GPS s&#039;aconsegueix obtenir mapes de producci\u00f3 de la teva plantaci\u00f3, per parcel\u00b7la en cada campanya.\" \/>\n<meta property=\"og:url\" content=\"https:\/\/micofora.com\/ca\/mapes-de-produccio-i-rendiment-de-plantacions-tofoneres\/\" \/>\n<meta property=\"og:site_name\" content=\"Micofora\" \/>\n<meta property=\"article:modified_time\" content=\"2025-11-17T16:21:17+00:00\" \/>\n<meta name=\"twitter:card\" content=\"summary_large_image\" \/>\n<meta name=\"twitter:label1\" content=\"Est. reading time\" \/>\n\t<meta name=\"twitter:data1\" content=\"5 minutes\" \/>\n<script type=\"application\/ld+json\" class=\"yoast-schema-graph\">{\"@context\":\"https:\\\/\\\/schema.org\",\"@graph\":[{\"@type\":\"WebPage\",\"@id\":\"https:\\\/\\\/micofora.com\\\/ca\\\/mapes-de-produccio-i-rendiment-de-plantacions-tofoneres\\\/\",\"url\":\"https:\\\/\\\/micofora.com\\\/ca\\\/mapes-de-produccio-i-rendiment-de-plantacions-tofoneres\\\/\",\"name\":\"Mapes de producci\u00f3 de t\u00f2fones de la teva plantaci\u00f3 - Micofora\",\"isPartOf\":{\"@id\":\"https:\\\/\\\/micofora.com\\\/#website\"},\"datePublished\":\"2016-08-12T06:33:57+00:00\",\"dateModified\":\"2025-11-17T16:21:17+00:00\",\"description\":\"Gr\u00e0cies al registre de cada t\u00f2fona amb un GPS s'aconsegueix obtenir mapes de producci\u00f3 de la teva plantaci\u00f3, per parcel\u00b7la en cada campanya.\",\"breadcrumb\":{\"@id\":\"https:\\\/\\\/micofora.com\\\/ca\\\/mapes-de-produccio-i-rendiment-de-plantacions-tofoneres\\\/#breadcrumb\"},\"inLanguage\":\"ca\",\"potentialAction\":[{\"@type\":\"ReadAction\",\"target\":[\"https:\\\/\\\/micofora.com\\\/ca\\\/mapes-de-produccio-i-rendiment-de-plantacions-tofoneres\\\/\"]}]},{\"@type\":\"BreadcrumbList\",\"@id\":\"https:\\\/\\\/micofora.com\\\/ca\\\/mapes-de-produccio-i-rendiment-de-plantacions-tofoneres\\\/#breadcrumb\",\"itemListElement\":[{\"@type\":\"ListItem\",\"position\":1,\"name\":\"Portada\",\"item\":\"https:\\\/\\\/micofora.com\\\/ca\\\/\"},{\"@type\":\"ListItem\",\"position\":2,\"name\":\"Mapes de producci\u00f3 de t\u00f2fones de la teva plantaci\u00f3\"}]},{\"@type\":\"WebSite\",\"@id\":\"https:\\\/\\\/micofora.com\\\/#website\",\"url\":\"https:\\\/\\\/micofora.com\\\/\",\"name\":\"Micofora\",\"description\":\"Micologia Forestal &amp; Aplicada\",\"potentialAction\":[{\"@type\":\"SearchAction\",\"target\":{\"@type\":\"EntryPoint\",\"urlTemplate\":\"https:\\\/\\\/micofora.com\\\/?s={search_term_string}\"},\"query-input\":{\"@type\":\"PropertyValueSpecification\",\"valueRequired\":true,\"valueName\":\"search_term_string\"}}],\"inLanguage\":\"ca\"}]}<\/script>\n<!-- \/ Yoast SEO plugin. -->","yoast_head_json":{"title":"Mapes de producci\u00f3 de t\u00f2fones de la teva plantaci\u00f3 - Micofora","description":"Gr\u00e0cies al registre de cada t\u00f2fona amb un GPS s'aconsegueix obtenir mapes de producci\u00f3 de la teva plantaci\u00f3, per parcel\u00b7la en cada campanya.","robots":{"index":"index","follow":"follow","max-snippet":"max-snippet:-1","max-image-preview":"max-image-preview:large","max-video-preview":"max-video-preview:-1"},"canonical":"https:\/\/micofora.com\/ca\/mapes-de-produccio-i-rendiment-de-plantacions-tofoneres\/","og_locale":"ca_ES","og_type":"article","og_title":"Mapes de producci\u00f3 de t\u00f2fones de la teva plantaci\u00f3 - Micofora","og_description":"Gr\u00e0cies al registre de cada t\u00f2fona amb un GPS s'aconsegueix obtenir mapes de producci\u00f3 de la teva plantaci\u00f3, per parcel\u00b7la en cada campanya.","og_url":"https:\/\/micofora.com\/ca\/mapes-de-produccio-i-rendiment-de-plantacions-tofoneres\/","og_site_name":"Micofora","article_modified_time":"2025-11-17T16:21:17+00:00","twitter_card":"summary_large_image","twitter_misc":{"Est. reading time":"5 minutes"},"schema":{"@context":"https:\/\/schema.org","@graph":[{"@type":"WebPage","@id":"https:\/\/micofora.com\/ca\/mapes-de-produccio-i-rendiment-de-plantacions-tofoneres\/","url":"https:\/\/micofora.com\/ca\/mapes-de-produccio-i-rendiment-de-plantacions-tofoneres\/","name":"Mapes de producci\u00f3 de t\u00f2fones de la teva plantaci\u00f3 - Micofora","isPartOf":{"@id":"https:\/\/micofora.com\/#website"},"datePublished":"2016-08-12T06:33:57+00:00","dateModified":"2025-11-17T16:21:17+00:00","description":"Gr\u00e0cies al registre de cada t\u00f2fona amb un GPS s'aconsegueix obtenir mapes de producci\u00f3 de la teva plantaci\u00f3, per parcel\u00b7la en cada campanya.","breadcrumb":{"@id":"https:\/\/micofora.com\/ca\/mapes-de-produccio-i-rendiment-de-plantacions-tofoneres\/#breadcrumb"},"inLanguage":"ca","potentialAction":[{"@type":"ReadAction","target":["https:\/\/micofora.com\/ca\/mapes-de-produccio-i-rendiment-de-plantacions-tofoneres\/"]}]},{"@type":"BreadcrumbList","@id":"https:\/\/micofora.com\/ca\/mapes-de-produccio-i-rendiment-de-plantacions-tofoneres\/#breadcrumb","itemListElement":[{"@type":"ListItem","position":1,"name":"Portada","item":"https:\/\/micofora.com\/ca\/"},{"@type":"ListItem","position":2,"name":"Mapes de producci\u00f3 de t\u00f2fones de la teva plantaci\u00f3"}]},{"@type":"WebSite","@id":"https:\/\/micofora.com\/#website","url":"https:\/\/micofora.com\/","name":"Micofora","description":"Micologia Forestal &amp; Aplicada","potentialAction":[{"@type":"SearchAction","target":{"@type":"EntryPoint","urlTemplate":"https:\/\/micofora.com\/?s={search_term_string}"},"query-input":{"@type":"PropertyValueSpecification","valueRequired":true,"valueName":"search_term_string"}}],"inLanguage":"ca"}]}},"_links":{"self":[{"href":"https:\/\/micofora.com\/ca\/wp-json\/wp\/v2\/pages\/20192","targetHints":{"allow":["GET"]}}],"collection":[{"href":"https:\/\/micofora.com\/ca\/wp-json\/wp\/v2\/pages"}],"about":[{"href":"https:\/\/micofora.com\/ca\/wp-json\/wp\/v2\/types\/page"}],"author":[{"embeddable":true,"href":"https:\/\/micofora.com\/ca\/wp-json\/wp\/v2\/users\/6"}],"replies":[{"embeddable":true,"href":"https:\/\/micofora.com\/ca\/wp-json\/wp\/v2\/comments?post=20192"}],"version-history":[{"count":25,"href":"https:\/\/micofora.com\/ca\/wp-json\/wp\/v2\/pages\/20192\/revisions"}],"predecessor-version":[{"id":27899,"href":"https:\/\/micofora.com\/ca\/wp-json\/wp\/v2\/pages\/20192\/revisions\/27899"}],"wp:attachment":[{"href":"https:\/\/micofora.com\/ca\/wp-json\/wp\/v2\/media?parent=20192"}],"curies":[{"name":"wp","href":"https:\/\/api.w.org\/{rel}","templated":true}]}}