{"id":20188,"date":"2016-07-27T14:57:19","date_gmt":"2016-07-27T14:57:19","guid":{"rendered":"http:\/\/micofora.com\/ca\/formacion-en-micologia\/"},"modified":"2017-07-07T08:22:50","modified_gmt":"2017-07-07T08:22:50","slug":"formacio-en-cultiu-de-tofones-i-truficultura","status":"publish","type":"page","link":"https:\/\/micofora.com\/ca\/formacio-en-cultiu-de-tofones-i-truficultura\/","title":{"rendered":"Formaci\u00f3 en Cultiu de T\u00f2fones i Truficultura"},"content":{"rendered":"<div class=\"fusion-fullwidth fullwidth-box fusion-builder-row-1 nonhundred-percent-fullwidth non-hundred-percent-height-scrolling\" style=\"--awb-background-position:left top;--awb-border-radius-top-left:0px;--awb-border-radius-top-right:0px;--awb-border-radius-bottom-right:0px;--awb-border-radius-bottom-left:0px;--awb-padding-top:20px;--awb-padding-bottom:20px;--awb-border-sizes-top:0px;--awb-border-sizes-bottom:0px;--awb-flex-wrap:wrap;\" ><div class=\"fusion-builder-row fusion-row\"><div class=\"fusion-layout-column fusion_builder_column fusion-builder-column-0 fusion_builder_column_1_3 1_3 fusion-one-third fusion-column-first\" style=\"--awb-bg-size:cover;width:30.6666%; margin-right: 4%;\"><div class=\"fusion-column-wrapper fusion-flex-column-wrapper-legacy\"><div class=\"fusion-text fusion-text-1\"><h3 style=\"text-align: justify;\">Cursets divulgatius de cultiu de bolets i t\u00f2fones. Tanmateix fem cursos t\u00e8cnics monografics sota demanda.<\/h3>\n<\/div><div class=\"fusion-text fusion-text-2\"><p style=\"text-align: justify;\">Anualment organizem seminarios t\u00e8cnics de truficultura amb l\u00b4objectiu de promoure el cultiu de t\u00f2fones al nueste pa\u00eds aix\u00ed com donar a con\u00e8ixer els resultats de les \u00faltimes investigacions.<br \/>\nEn aquest sentit organitzem el <a href=\"http:\/\/barcelonatruffletour.com\">Barcelona Truffle Tour<\/a> com a event fixe dos cops l\u00b4any.<br \/>\nAl nostre Blog publiquen cada curs o esdeveniment que organitzem o en el que participem.<\/p>\n<\/div><div class=\"fusion-sep-clear\"><\/div><div class=\"fusion-separator fusion-full-width-sep fusion-clearfix\" style=\"float:left;margin-top:10px;margin-bottom:10px;width:100%;\"><\/div><div class=\"fusion-sep-clear\"><\/div><div class=\"fusion-button-wrapper\"><a class=\"fusion-button button-flat fusion-button-default-size button-default fusion-button-default button-1 fusion-button-default-span fusion-button-default-type\" target=\"_blank\" rel=\"noopener noreferrer\" href=\"http:\/\/www.slideshare.net\/micofora\/jornada-tofones-i-tubericultura-irta-caldes-montbui?ref=https:\/\/micofora.com\/formacion-en-micologia\/\"><span class=\"fusion-button-text awb-button__text awb-button__text--default\">Jornada t\u00f2fones i tubericultura<\/span><\/a><\/div><div class=\"fusion-sep-clear\"><\/div><div class=\"fusion-separator fusion-full-width-sep fusion-clearfix\" style=\"float:left;margin-top:10px;margin-bottom:10px;width:100%;\"><\/div><div class=\"fusion-sep-clear\"><\/div><div class=\"fusion-button-wrapper\"><a class=\"fusion-button button-flat fusion-button-default-size button-default fusion-button-default button-2 fusion-button-default-span fusion-button-default-type\" target=\"_blank\" rel=\"noopener noreferrer\" href=\"http:\/\/barcelonatruffletour.com\/\"><span class=\"fusion-button-text awb-button__text awb-button__text--default\">Barcelona Truffle Tour<\/span><\/a><\/div><div class=\"fusion-clearfix\"><\/div><\/div><\/div><div class=\"fusion-layout-column fusion_builder_column fusion-builder-column-1 fusion_builder_column_2_3 2_3 fusion-two-third fusion-column-last\" style=\"--awb-bg-size:cover;width:65.3333%;\"><div class=\"fusion-column-wrapper fusion-flex-column-wrapper-legacy\"><div class=\"fusion-image-element in-legacy-container\" style=\"--awb-caption-title-font-family:var(--h2_typography-font-family);--awb-caption-title-font-weight:var(--h2_typography-font-weight);--awb-caption-title-font-style:var(--h2_typography-font-style);--awb-caption-title-size:var(--h2_typography-font-size);--awb-caption-title-transform:var(--h2_typography-text-transform);--awb-caption-title-line-height:var(--h2_typography-line-height);--awb-caption-title-letter-spacing:var(--h2_typography-letter-spacing);\"><span class=\" fusion-imageframe imageframe-none imageframe-1 hover-type-zoomin\"><img decoding=\"async\" width=\"1000\" height=\"750\" alt=\"FORMACION EN TRUFICULTURA\" title=\"FORMACION EN TRUFICULTURA\" src=\"https:\/\/micofora.com\/wp-content\/uploads\/2016\/07\/FORMACION-EN-TRUFICULTURA-1.jpg\" class=\"img-responsive wp-image-18574\" srcset=\"https:\/\/micofora.com\/wp-content\/uploads\/2016\/07\/FORMACION-EN-TRUFICULTURA-1-200x150.jpg 200w, https:\/\/micofora.com\/wp-content\/uploads\/2016\/07\/FORMACION-EN-TRUFICULTURA-1-400x300.jpg 400w, https:\/\/micofora.com\/wp-content\/uploads\/2016\/07\/FORMACION-EN-TRUFICULTURA-1-600x450.jpg 600w, https:\/\/micofora.com\/wp-content\/uploads\/2016\/07\/FORMACION-EN-TRUFICULTURA-1-800x600.jpg 800w, https:\/\/micofora.com\/wp-content\/uploads\/2016\/07\/FORMACION-EN-TRUFICULTURA-1.jpg 1000w\" sizes=\"(max-width: 800px) 100vw, 800px\" \/><\/span><\/div><div class=\"fusion-clearfix\"><\/div><\/div><\/div><\/div><\/div>\n","protected":false},"excerpt":{"rendered":"","protected":false},"author":6,"featured_media":0,"parent":0,"menu_order":0,"comment_status":"closed","ping_status":"closed","template":"","meta":{"footnotes":""},"class_list":["post-20188","page","type-page","status-publish","hentry"],"yoast_head":"<!-- This site is optimized with the Yoast SEO plugin v27.4 - https:\/\/yoast.com\/product\/yoast-seo-wordpress\/ -->\n<title>Formaci\u00f3 en Cultiu de T\u00f2fones i Truficultura - Micofora<\/title>\n<meta name=\"description\" content=\"organitzem cursos i seminaris t\u00e8cnics en truficultura per donar a con\u00e8ixer els resultats de la nostra recerca en cultiu de t\u00f2fones en plantacions tofoneres\" \/>\n<meta name=\"robots\" content=\"index, follow, max-snippet:-1, max-image-preview:large, max-video-preview:-1\" \/>\n<link rel=\"canonical\" href=\"https:\/\/micofora.com\/ca\/formacio-en-cultiu-de-tofones-i-truficultura\/\" \/>\n<meta property=\"og:locale\" content=\"ca_ES\" \/>\n<meta property=\"og:type\" content=\"article\" \/>\n<meta property=\"og:title\" content=\"Formaci\u00f3 en Cultiu de T\u00f2fones i Truficultura - Micofora\" \/>\n<meta property=\"og:description\" content=\"organitzem cursos i seminaris t\u00e8cnics en truficultura per donar a con\u00e8ixer els resultats de la nostra recerca en cultiu de t\u00f2fones en plantacions tofoneres\" \/>\n<meta property=\"og:url\" content=\"https:\/\/micofora.com\/ca\/formacio-en-cultiu-de-tofones-i-truficultura\/\" \/>\n<meta property=\"og:site_name\" content=\"Micofora\" \/>\n<meta property=\"article:modified_time\" content=\"2017-07-07T08:22:50+00:00\" \/>\n<meta property=\"og:image\" content=\"https:\/\/micofora.com\/wp-content\/uploads\/2016\/07\/FORMACION-EN-TRUFICULTURA-1.jpg\" \/>\n<meta name=\"twitter:card\" content=\"summary_large_image\" \/>\n<meta name=\"twitter:label1\" content=\"Est. reading time\" \/>\n\t<meta name=\"twitter:data1\" content=\"3 minutes\" \/>\n<script type=\"application\/ld+json\" class=\"yoast-schema-graph\">{\"@context\":\"https:\\\/\\\/schema.org\",\"@graph\":[{\"@type\":\"WebPage\",\"@id\":\"https:\\\/\\\/micofora.com\\\/ca\\\/formacio-en-cultiu-de-tofones-i-truficultura\\\/\",\"url\":\"https:\\\/\\\/micofora.com\\\/ca\\\/formacio-en-cultiu-de-tofones-i-truficultura\\\/\",\"name\":\"Formaci\u00f3 en Cultiu de T\u00f2fones i Truficultura - Micofora\",\"isPartOf\":{\"@id\":\"https:\\\/\\\/micofora.com\\\/#website\"},\"primaryImageOfPage\":{\"@id\":\"https:\\\/\\\/micofora.com\\\/ca\\\/formacio-en-cultiu-de-tofones-i-truficultura\\\/#primaryimage\"},\"image\":{\"@id\":\"https:\\\/\\\/micofora.com\\\/ca\\\/formacio-en-cultiu-de-tofones-i-truficultura\\\/#primaryimage\"},\"thumbnailUrl\":\"https:\\\/\\\/micofora.com\\\/wp-content\\\/uploads\\\/2016\\\/07\\\/FORMACION-EN-TRUFICULTURA-1.jpg\",\"datePublished\":\"2016-07-27T14:57:19+00:00\",\"dateModified\":\"2017-07-07T08:22:50+00:00\",\"description\":\"organitzem cursos i seminaris t\u00e8cnics en truficultura per donar a con\u00e8ixer els resultats de la nostra recerca en cultiu de t\u00f2fones en plantacions tofoneres\",\"breadcrumb\":{\"@id\":\"https:\\\/\\\/micofora.com\\\/ca\\\/formacio-en-cultiu-de-tofones-i-truficultura\\\/#breadcrumb\"},\"inLanguage\":\"ca\",\"potentialAction\":[{\"@type\":\"ReadAction\",\"target\":[\"https:\\\/\\\/micofora.com\\\/ca\\\/formacio-en-cultiu-de-tofones-i-truficultura\\\/\"]}]},{\"@type\":\"ImageObject\",\"inLanguage\":\"ca\",\"@id\":\"https:\\\/\\\/micofora.com\\\/ca\\\/formacio-en-cultiu-de-tofones-i-truficultura\\\/#primaryimage\",\"url\":\"https:\\\/\\\/micofora.com\\\/wp-content\\\/uploads\\\/2016\\\/07\\\/FORMACION-EN-TRUFICULTURA-1.jpg\",\"contentUrl\":\"https:\\\/\\\/micofora.com\\\/wp-content\\\/uploads\\\/2016\\\/07\\\/FORMACION-EN-TRUFICULTURA-1.jpg\"},{\"@type\":\"BreadcrumbList\",\"@id\":\"https:\\\/\\\/micofora.com\\\/ca\\\/formacio-en-cultiu-de-tofones-i-truficultura\\\/#breadcrumb\",\"itemListElement\":[{\"@type\":\"ListItem\",\"position\":1,\"name\":\"Portada\",\"item\":\"https:\\\/\\\/micofora.com\\\/ca\\\/\"},{\"@type\":\"ListItem\",\"position\":2,\"name\":\"Formaci\u00f3 en Cultiu de T\u00f2fones i Truficultura\"}]},{\"@type\":\"WebSite\",\"@id\":\"https:\\\/\\\/micofora.com\\\/#website\",\"url\":\"https:\\\/\\\/micofora.com\\\/\",\"name\":\"Micofora\",\"description\":\"Micologia Forestal &amp; Aplicada\",\"potentialAction\":[{\"@type\":\"SearchAction\",\"target\":{\"@type\":\"EntryPoint\",\"urlTemplate\":\"https:\\\/\\\/micofora.com\\\/?s={search_term_string}\"},\"query-input\":{\"@type\":\"PropertyValueSpecification\",\"valueRequired\":true,\"valueName\":\"search_term_string\"}}],\"inLanguage\":\"ca\"}]}<\/script>\n<!-- \/ Yoast SEO plugin. -->","yoast_head_json":{"title":"Formaci\u00f3 en Cultiu de T\u00f2fones i Truficultura - Micofora","description":"organitzem cursos i seminaris t\u00e8cnics en truficultura per donar a con\u00e8ixer els resultats de la nostra recerca en cultiu de t\u00f2fones en plantacions tofoneres","robots":{"index":"index","follow":"follow","max-snippet":"max-snippet:-1","max-image-preview":"max-image-preview:large","max-video-preview":"max-video-preview:-1"},"canonical":"https:\/\/micofora.com\/ca\/formacio-en-cultiu-de-tofones-i-truficultura\/","og_locale":"ca_ES","og_type":"article","og_title":"Formaci\u00f3 en Cultiu de T\u00f2fones i Truficultura - Micofora","og_description":"organitzem cursos i seminaris t\u00e8cnics en truficultura per donar a con\u00e8ixer els resultats de la nostra recerca en cultiu de t\u00f2fones en plantacions tofoneres","og_url":"https:\/\/micofora.com\/ca\/formacio-en-cultiu-de-tofones-i-truficultura\/","og_site_name":"Micofora","article_modified_time":"2017-07-07T08:22:50+00:00","og_image":[{"url":"https:\/\/micofora.com\/wp-content\/uploads\/2016\/07\/FORMACION-EN-TRUFICULTURA-1.jpg","type":"","width":"","height":""}],"twitter_card":"summary_large_image","twitter_misc":{"Est. reading time":"3 minutes"},"schema":{"@context":"https:\/\/schema.org","@graph":[{"@type":"WebPage","@id":"https:\/\/micofora.com\/ca\/formacio-en-cultiu-de-tofones-i-truficultura\/","url":"https:\/\/micofora.com\/ca\/formacio-en-cultiu-de-tofones-i-truficultura\/","name":"Formaci\u00f3 en Cultiu de T\u00f2fones i Truficultura - Micofora","isPartOf":{"@id":"https:\/\/micofora.com\/#website"},"primaryImageOfPage":{"@id":"https:\/\/micofora.com\/ca\/formacio-en-cultiu-de-tofones-i-truficultura\/#primaryimage"},"image":{"@id":"https:\/\/micofora.com\/ca\/formacio-en-cultiu-de-tofones-i-truficultura\/#primaryimage"},"thumbnailUrl":"https:\/\/micofora.com\/wp-content\/uploads\/2016\/07\/FORMACION-EN-TRUFICULTURA-1.jpg","datePublished":"2016-07-27T14:57:19+00:00","dateModified":"2017-07-07T08:22:50+00:00","description":"organitzem cursos i seminaris t\u00e8cnics en truficultura per donar a con\u00e8ixer els resultats de la nostra recerca en cultiu de t\u00f2fones en plantacions tofoneres","breadcrumb":{"@id":"https:\/\/micofora.com\/ca\/formacio-en-cultiu-de-tofones-i-truficultura\/#breadcrumb"},"inLanguage":"ca","potentialAction":[{"@type":"ReadAction","target":["https:\/\/micofora.com\/ca\/formacio-en-cultiu-de-tofones-i-truficultura\/"]}]},{"@type":"ImageObject","inLanguage":"ca","@id":"https:\/\/micofora.com\/ca\/formacio-en-cultiu-de-tofones-i-truficultura\/#primaryimage","url":"https:\/\/micofora.com\/wp-content\/uploads\/2016\/07\/FORMACION-EN-TRUFICULTURA-1.jpg","contentUrl":"https:\/\/micofora.com\/wp-content\/uploads\/2016\/07\/FORMACION-EN-TRUFICULTURA-1.jpg"},{"@type":"BreadcrumbList","@id":"https:\/\/micofora.com\/ca\/formacio-en-cultiu-de-tofones-i-truficultura\/#breadcrumb","itemListElement":[{"@type":"ListItem","position":1,"name":"Portada","item":"https:\/\/micofora.com\/ca\/"},{"@type":"ListItem","position":2,"name":"Formaci\u00f3 en Cultiu de T\u00f2fones i Truficultura"}]},{"@type":"WebSite","@id":"https:\/\/micofora.com\/#website","url":"https:\/\/micofora.com\/","name":"Micofora","description":"Micologia Forestal &amp; Aplicada","potentialAction":[{"@type":"SearchAction","target":{"@type":"EntryPoint","urlTemplate":"https:\/\/micofora.com\/?s={search_term_string}"},"query-input":{"@type":"PropertyValueSpecification","valueRequired":true,"valueName":"search_term_string"}}],"inLanguage":"ca"}]}},"_links":{"self":[{"href":"https:\/\/micofora.com\/ca\/wp-json\/wp\/v2\/pages\/20188","targetHints":{"allow":["GET"]}}],"collection":[{"href":"https:\/\/micofora.com\/ca\/wp-json\/wp\/v2\/pages"}],"about":[{"href":"https:\/\/micofora.com\/ca\/wp-json\/wp\/v2\/types\/page"}],"author":[{"embeddable":true,"href":"https:\/\/micofora.com\/ca\/wp-json\/wp\/v2\/users\/6"}],"replies":[{"embeddable":true,"href":"https:\/\/micofora.com\/ca\/wp-json\/wp\/v2\/comments?post=20188"}],"version-history":[{"count":0,"href":"https:\/\/micofora.com\/ca\/wp-json\/wp\/v2\/pages\/20188\/revisions"}],"wp:attachment":[{"href":"https:\/\/micofora.com\/ca\/wp-json\/wp\/v2\/media?parent=20188"}],"curies":[{"name":"wp","href":"https:\/\/api.w.org\/{rel}","templated":true}]}}