{"id":20184,"date":"2016-07-27T14:56:44","date_gmt":"2016-07-27T14:56:44","guid":{"rendered":"http:\/\/micofora.com\/ca\/micoconsulting\/"},"modified":"2017-07-07T08:28:05","modified_gmt":"2017-07-07T08:28:05","slug":"micoconsulting-consultora-en-cultiu-de-bolets-comestibles","status":"publish","type":"page","link":"https:\/\/micofora.com\/ca\/micoconsulting-consultora-en-cultiu-de-bolets-comestibles\/","title":{"rendered":"MicoConsulting &#8211; consultora en cultiu de bolets comestibles"},"content":{"rendered":"<div class=\"fusion-fullwidth fullwidth-box fusion-builder-row-1 nonhundred-percent-fullwidth non-hundred-percent-height-scrolling\" style=\"--awb-background-position:left top;--awb-border-radius-top-left:0px;--awb-border-radius-top-right:0px;--awb-border-radius-bottom-right:0px;--awb-border-radius-bottom-left:0px;--awb-padding-top:20px;--awb-padding-bottom:20px;--awb-border-sizes-top:0px;--awb-border-sizes-bottom:0px;--awb-flex-wrap:wrap;\" ><div class=\"fusion-builder-row fusion-row\"><div class=\"fusion-layout-column fusion_builder_column fusion-builder-column-0 fusion_builder_column_1_3 1_3 fusion-one-third fusion-column-first\" style=\"--awb-bg-size:cover;width:30.6666%; margin-right: 4%;\"><div class=\"fusion-column-wrapper fusion-flex-column-wrapper-legacy\"><div class=\"fusion-text fusion-text-1\"><h2>Diseny de Jardins Micol\u00f2gics<\/h2>\n<h2>Rutes Micol\u00f2giques associades al Micoturisme<\/h2>\n<\/div><div class=\"fusion-sep-clear\"><\/div><div class=\"fusion-separator fusion-clearfix\" style=\"float:left;margin-top:0px;margin-bottom:35px;width:100%;max-width:170px;\"><div class=\"fusion-separator-border sep-single sep-solid\" style=\"--awb-height:20px;--awb-amount:20px;--awb-sep-color:#e2e3e8;border-color:#e2e3e8;border-top-width:3px;\"><\/div><\/div><div class=\"fusion-sep-clear\"><\/div><div class=\"fusion-text fusion-text-2\"><h4><em>Redacci\u00f3 de Plans T\u00e8cnics de Gesti\u00f3 i Millora Forestal enfocats a la micologia, orientats a la valoritzaci\u00f3 del recurs micol\u00f2gic\u00a0a finques privades o p\u00fabliques.<br \/>\n<\/em><\/h4>\n<\/div><div class=\"fusion-clearfix\"><\/div><\/div><\/div><div class=\"fusion-layout-column fusion_builder_column fusion-builder-column-1 fusion_builder_column_1_3 1_3 fusion-one-third\" style=\"--awb-bg-size:cover;width:30.6666%; margin-right: 4%;\"><div class=\"fusion-column-wrapper fusion-flex-column-wrapper-legacy\"><div class=\"fusion-image-element in-legacy-container\" style=\"--awb-caption-title-font-family:var(--h2_typography-font-family);--awb-caption-title-font-weight:var(--h2_typography-font-weight);--awb-caption-title-font-style:var(--h2_typography-font-style);--awb-caption-title-size:var(--h2_typography-font-size);--awb-caption-title-transform:var(--h2_typography-text-transform);--awb-caption-title-line-height:var(--h2_typography-line-height);--awb-caption-title-letter-spacing:var(--h2_typography-letter-spacing);\"><span class=\" fusion-imageframe imageframe-none imageframe-1 hover-type-zoomin\"><img decoding=\"async\" width=\"356\" height=\"250\" alt=\"CONSULTORIA EN MICOLOGIA Y DESARROLLO RURAL\" title=\"CONSULTORIA EN MICOLOGIA Y DESARROLLO RURAL\" src=\"https:\/\/micofora.com\/wp-content\/uploads\/2016\/07\/CONSULTORIA-EN-MICOLOGIA-Y-DESARROLLO-RURAL-1.jpeg\" class=\"img-responsive wp-image-18593\" srcset=\"https:\/\/micofora.com\/wp-content\/uploads\/2016\/07\/CONSULTORIA-EN-MICOLOGIA-Y-DESARROLLO-RURAL-1-200x140.jpeg 200w, https:\/\/micofora.com\/wp-content\/uploads\/2016\/07\/CONSULTORIA-EN-MICOLOGIA-Y-DESARROLLO-RURAL-1.jpeg 356w\" sizes=\"(max-width: 800px) 100vw, 356px\" \/><\/span><\/div><div class=\"fusion-sep-clear\"><\/div><div class=\"fusion-separator fusion-full-width-sep fusion-clearfix\" style=\"float:left;margin-top:10px;margin-bottom:10px;width:100%;\"><\/div><div class=\"fusion-sep-clear\"><\/div><div class=\"fusion-text fusion-text-3\"><h3>Consultoria en desenvolupament<\/h3>\n<p>Participaci\u00f3 en projectes de col\u00b7laboraci\u00f3 a l&#8217;estranger\u00a0per al cultiu de\u00a0bolets sobre substrat\u00a0fet de\u00a0residus org\u00e0nics en senzills m\u00f2duls de producci\u00f3, aix\u00ed\u00a0com l&#8217;aprofitament i gesti\u00f3\u00a0forestal de les esp\u00e8cies de bolets\u00a0amb valor econ\u00f2mic que\u00a0apareguin de forma natural. Pot veure m\u00e9s informaci\u00f3 en\u00a0els links seg\u00fcents:<\/p>\n<\/div><div class=\"fusion-button-wrapper\"><a class=\"fusion-button button-flat fusion-button-default-size button-default fusion-button-default button-1 fusion-button-default-span fusion-button-default-type\" target=\"_blank\" rel=\"noopener noreferrer\" href=\"http:\/\/www.slideshare.net\/micofora\/cultivo-de-hongos-y-desarrollo-rural-en-nicaragua\"><span class=\"fusion-button-icon-divider button-icon-divider-left\"><i class=\" fa fa-file-o awb-button__icon awb-button__icon--default\" aria-hidden=\"true\"><\/i><\/span><span class=\"fusion-button-text awb-button__text awb-button__text--default fusion-button-text-left\">Cultiu de bolets i desenvolupament rural a Nicaragua<\/span><\/a><\/div><div class=\"fusion-sep-clear\"><\/div><div class=\"fusion-separator fusion-full-width-sep fusion-clearfix\" style=\"float:left;margin-top:10px;margin-bottom:10px;width:100%;\"><\/div><div class=\"fusion-sep-clear\"><\/div><div class=\"fusion-button-wrapper\"><a class=\"fusion-button button-flat fusion-button-default-size button-default fusion-button-default button-2 fusion-button-default-span fusion-button-default-type\" target=\"_blank\" rel=\"noopener noreferrer\" href=\"http:\/\/www.slideshare.net\/micofora\/hongos-silvestres-en-guatemala\"><span class=\"fusion-button-icon-divider button-icon-divider-left\"><i class=\" fa fa-file-o awb-button__icon awb-button__icon--default\" aria-hidden=\"true\"><\/i><\/span><span class=\"fusion-button-text awb-button__text awb-button__text--default fusion-button-text-left\">Fongs silvestres a Guatemala<\/span><\/a><\/div><div class=\"fusion-clearfix\"><\/div><\/div><\/div><div class=\"fusion-layout-column fusion_builder_column fusion-builder-column-2 fusion_builder_column_1_3 1_3 fusion-one-third fusion-column-last\" style=\"--awb-bg-size:cover;width:30.6666%;\"><div class=\"fusion-column-wrapper fusion-flex-column-wrapper-legacy\"><div class=\"fusion-image-element in-legacy-container\" style=\"--awb-caption-title-font-family:var(--h2_typography-font-family);--awb-caption-title-font-weight:var(--h2_typography-font-weight);--awb-caption-title-font-style:var(--h2_typography-font-style);--awb-caption-title-size:var(--h2_typography-font-size);--awb-caption-title-transform:var(--h2_typography-text-transform);--awb-caption-title-line-height:var(--h2_typography-line-height);--awb-caption-title-letter-spacing:var(--h2_typography-letter-spacing);\"><span class=\" fusion-imageframe imageframe-none imageframe-2 hover-type-zoomin\"><img decoding=\"async\" width=\"356\" height=\"250\" title=\"Bolet Ben fet shiitake farm\" src=\"https:\/\/micofora.com\/wp-content\/uploads\/2016\/07\/Bolet-Ben-fet-shiitake-farm.jpeg\" alt class=\"img-responsive wp-image-18546\" srcset=\"https:\/\/micofora.com\/wp-content\/uploads\/2016\/07\/Bolet-Ben-fet-shiitake-farm-200x140.jpeg 200w, https:\/\/micofora.com\/wp-content\/uploads\/2016\/07\/Bolet-Ben-fet-shiitake-farm.jpeg 356w\" sizes=\"(max-width: 800px) 100vw, 356px\" \/><\/span><\/div><div class=\"fusion-sep-clear\"><\/div><div class=\"fusion-separator fusion-full-width-sep fusion-clearfix\" style=\"float:left;margin-top:10px;margin-bottom:10px;width:100%;\"><\/div><div class=\"fusion-sep-clear\"><\/div><div class=\"fusion-text fusion-text-4\"><h3>Consultoria t\u00e8cnica en cultiu de bolets<\/h3>\n<p>Elaboraci\u00f3 de projectes per la construcci\u00f3 de naus de cultiu de bolets sapr\u00f2fits com \u00a0la g\u00edrgola o el shii-take, tant pel seu cultiu sobre substrat com sobre troncs. Assessorament t\u00e8cnic i formaci\u00f3 en el cultiu.<\/p>\n<\/div><div class=\"fusion-clearfix\"><\/div><\/div><\/div><\/div><\/div>\n","protected":false},"excerpt":{"rendered":"","protected":false},"author":6,"featured_media":0,"parent":0,"menu_order":0,"comment_status":"closed","ping_status":"closed","template":"","meta":{"footnotes":""},"class_list":["post-20184","page","type-page","status-publish","hentry"],"yoast_head":"<!-- This site is optimized with the Yoast SEO plugin v27.4 - https:\/\/yoast.com\/product\/yoast-seo-wordpress\/ -->\n<title>MicoConsulting - consultora en cultiu de bolets comestibles - Micofora<\/title>\n<meta name=\"description\" content=\"som una consultora amb m\u00e9s de 20 anys d\u00b4experiencia en cultiu de bolets comestibles, creaci\u00f3 de naus de cultiu de shiitake. desenvolupament rural i bolets\" \/>\n<meta name=\"robots\" content=\"index, follow, max-snippet:-1, max-image-preview:large, max-video-preview:-1\" \/>\n<link rel=\"canonical\" href=\"https:\/\/micofora.com\/ca\/micoconsulting-consultora-en-cultiu-de-bolets-comestibles\/\" \/>\n<meta property=\"og:locale\" content=\"ca_ES\" \/>\n<meta property=\"og:type\" content=\"article\" \/>\n<meta property=\"og:title\" content=\"MicoConsulting - consultora en cultiu de bolets comestibles - Micofora\" \/>\n<meta property=\"og:description\" content=\"som una consultora amb m\u00e9s de 20 anys d\u00b4experiencia en cultiu de bolets comestibles, creaci\u00f3 de naus de cultiu de shiitake. desenvolupament rural i bolets\" \/>\n<meta property=\"og:url\" content=\"https:\/\/micofora.com\/ca\/micoconsulting-consultora-en-cultiu-de-bolets-comestibles\/\" \/>\n<meta property=\"og:site_name\" content=\"Micofora\" \/>\n<meta property=\"article:modified_time\" content=\"2017-07-07T08:28:05+00:00\" \/>\n<meta property=\"og:image\" content=\"https:\/\/micofora.com\/wp-content\/uploads\/2016\/07\/CONSULTORIA-EN-MICOLOGIA-Y-DESARROLLO-RURAL-1.jpeg\" \/>\n<meta name=\"twitter:card\" content=\"summary_large_image\" \/>\n<meta name=\"twitter:label1\" content=\"Est. reading time\" \/>\n\t<meta name=\"twitter:data1\" content=\"4 minutes\" \/>\n<script type=\"application\/ld+json\" class=\"yoast-schema-graph\">{\"@context\":\"https:\\\/\\\/schema.org\",\"@graph\":[{\"@type\":\"WebPage\",\"@id\":\"https:\\\/\\\/micofora.com\\\/ca\\\/micoconsulting-consultora-en-cultiu-de-bolets-comestibles\\\/\",\"url\":\"https:\\\/\\\/micofora.com\\\/ca\\\/micoconsulting-consultora-en-cultiu-de-bolets-comestibles\\\/\",\"name\":\"MicoConsulting - consultora en cultiu de bolets comestibles - Micofora\",\"isPartOf\":{\"@id\":\"https:\\\/\\\/micofora.com\\\/#website\"},\"primaryImageOfPage\":{\"@id\":\"https:\\\/\\\/micofora.com\\\/ca\\\/micoconsulting-consultora-en-cultiu-de-bolets-comestibles\\\/#primaryimage\"},\"image\":{\"@id\":\"https:\\\/\\\/micofora.com\\\/ca\\\/micoconsulting-consultora-en-cultiu-de-bolets-comestibles\\\/#primaryimage\"},\"thumbnailUrl\":\"https:\\\/\\\/micofora.com\\\/wp-content\\\/uploads\\\/2016\\\/07\\\/CONSULTORIA-EN-MICOLOGIA-Y-DESARROLLO-RURAL-1.jpeg\",\"datePublished\":\"2016-07-27T14:56:44+00:00\",\"dateModified\":\"2017-07-07T08:28:05+00:00\",\"description\":\"som una consultora amb m\u00e9s de 20 anys d\u00b4experiencia en cultiu de bolets comestibles, creaci\u00f3 de naus de cultiu de shiitake. desenvolupament rural i bolets\",\"breadcrumb\":{\"@id\":\"https:\\\/\\\/micofora.com\\\/ca\\\/micoconsulting-consultora-en-cultiu-de-bolets-comestibles\\\/#breadcrumb\"},\"inLanguage\":\"ca\",\"potentialAction\":[{\"@type\":\"ReadAction\",\"target\":[\"https:\\\/\\\/micofora.com\\\/ca\\\/micoconsulting-consultora-en-cultiu-de-bolets-comestibles\\\/\"]}]},{\"@type\":\"ImageObject\",\"inLanguage\":\"ca\",\"@id\":\"https:\\\/\\\/micofora.com\\\/ca\\\/micoconsulting-consultora-en-cultiu-de-bolets-comestibles\\\/#primaryimage\",\"url\":\"https:\\\/\\\/micofora.com\\\/wp-content\\\/uploads\\\/2016\\\/07\\\/CONSULTORIA-EN-MICOLOGIA-Y-DESARROLLO-RURAL-1.jpeg\",\"contentUrl\":\"https:\\\/\\\/micofora.com\\\/wp-content\\\/uploads\\\/2016\\\/07\\\/CONSULTORIA-EN-MICOLOGIA-Y-DESARROLLO-RURAL-1.jpeg\"},{\"@type\":\"BreadcrumbList\",\"@id\":\"https:\\\/\\\/micofora.com\\\/ca\\\/micoconsulting-consultora-en-cultiu-de-bolets-comestibles\\\/#breadcrumb\",\"itemListElement\":[{\"@type\":\"ListItem\",\"position\":1,\"name\":\"Portada\",\"item\":\"https:\\\/\\\/micofora.com\\\/ca\\\/\"},{\"@type\":\"ListItem\",\"position\":2,\"name\":\"MicoConsulting &#8211; consultora en cultiu de bolets comestibles\"}]},{\"@type\":\"WebSite\",\"@id\":\"https:\\\/\\\/micofora.com\\\/#website\",\"url\":\"https:\\\/\\\/micofora.com\\\/\",\"name\":\"Micofora\",\"description\":\"Micologia Forestal &amp; Aplicada\",\"potentialAction\":[{\"@type\":\"SearchAction\",\"target\":{\"@type\":\"EntryPoint\",\"urlTemplate\":\"https:\\\/\\\/micofora.com\\\/?s={search_term_string}\"},\"query-input\":{\"@type\":\"PropertyValueSpecification\",\"valueRequired\":true,\"valueName\":\"search_term_string\"}}],\"inLanguage\":\"ca\"}]}<\/script>\n<!-- \/ Yoast SEO plugin. -->","yoast_head_json":{"title":"MicoConsulting - consultora en cultiu de bolets comestibles - Micofora","description":"som una consultora amb m\u00e9s de 20 anys d\u00b4experiencia en cultiu de bolets comestibles, creaci\u00f3 de naus de cultiu de shiitake. desenvolupament rural i bolets","robots":{"index":"index","follow":"follow","max-snippet":"max-snippet:-1","max-image-preview":"max-image-preview:large","max-video-preview":"max-video-preview:-1"},"canonical":"https:\/\/micofora.com\/ca\/micoconsulting-consultora-en-cultiu-de-bolets-comestibles\/","og_locale":"ca_ES","og_type":"article","og_title":"MicoConsulting - consultora en cultiu de bolets comestibles - Micofora","og_description":"som una consultora amb m\u00e9s de 20 anys d\u00b4experiencia en cultiu de bolets comestibles, creaci\u00f3 de naus de cultiu de shiitake. desenvolupament rural i bolets","og_url":"https:\/\/micofora.com\/ca\/micoconsulting-consultora-en-cultiu-de-bolets-comestibles\/","og_site_name":"Micofora","article_modified_time":"2017-07-07T08:28:05+00:00","og_image":[{"url":"https:\/\/micofora.com\/wp-content\/uploads\/2016\/07\/CONSULTORIA-EN-MICOLOGIA-Y-DESARROLLO-RURAL-1.jpeg","type":"","width":"","height":""}],"twitter_card":"summary_large_image","twitter_misc":{"Est. reading time":"4 minutes"},"schema":{"@context":"https:\/\/schema.org","@graph":[{"@type":"WebPage","@id":"https:\/\/micofora.com\/ca\/micoconsulting-consultora-en-cultiu-de-bolets-comestibles\/","url":"https:\/\/micofora.com\/ca\/micoconsulting-consultora-en-cultiu-de-bolets-comestibles\/","name":"MicoConsulting - consultora en cultiu de bolets comestibles - Micofora","isPartOf":{"@id":"https:\/\/micofora.com\/#website"},"primaryImageOfPage":{"@id":"https:\/\/micofora.com\/ca\/micoconsulting-consultora-en-cultiu-de-bolets-comestibles\/#primaryimage"},"image":{"@id":"https:\/\/micofora.com\/ca\/micoconsulting-consultora-en-cultiu-de-bolets-comestibles\/#primaryimage"},"thumbnailUrl":"https:\/\/micofora.com\/wp-content\/uploads\/2016\/07\/CONSULTORIA-EN-MICOLOGIA-Y-DESARROLLO-RURAL-1.jpeg","datePublished":"2016-07-27T14:56:44+00:00","dateModified":"2017-07-07T08:28:05+00:00","description":"som una consultora amb m\u00e9s de 20 anys d\u00b4experiencia en cultiu de bolets comestibles, creaci\u00f3 de naus de cultiu de shiitake. desenvolupament rural i bolets","breadcrumb":{"@id":"https:\/\/micofora.com\/ca\/micoconsulting-consultora-en-cultiu-de-bolets-comestibles\/#breadcrumb"},"inLanguage":"ca","potentialAction":[{"@type":"ReadAction","target":["https:\/\/micofora.com\/ca\/micoconsulting-consultora-en-cultiu-de-bolets-comestibles\/"]}]},{"@type":"ImageObject","inLanguage":"ca","@id":"https:\/\/micofora.com\/ca\/micoconsulting-consultora-en-cultiu-de-bolets-comestibles\/#primaryimage","url":"https:\/\/micofora.com\/wp-content\/uploads\/2016\/07\/CONSULTORIA-EN-MICOLOGIA-Y-DESARROLLO-RURAL-1.jpeg","contentUrl":"https:\/\/micofora.com\/wp-content\/uploads\/2016\/07\/CONSULTORIA-EN-MICOLOGIA-Y-DESARROLLO-RURAL-1.jpeg"},{"@type":"BreadcrumbList","@id":"https:\/\/micofora.com\/ca\/micoconsulting-consultora-en-cultiu-de-bolets-comestibles\/#breadcrumb","itemListElement":[{"@type":"ListItem","position":1,"name":"Portada","item":"https:\/\/micofora.com\/ca\/"},{"@type":"ListItem","position":2,"name":"MicoConsulting &#8211; consultora en cultiu de bolets comestibles"}]},{"@type":"WebSite","@id":"https:\/\/micofora.com\/#website","url":"https:\/\/micofora.com\/","name":"Micofora","description":"Micologia Forestal &amp; Aplicada","potentialAction":[{"@type":"SearchAction","target":{"@type":"EntryPoint","urlTemplate":"https:\/\/micofora.com\/?s={search_term_string}"},"query-input":{"@type":"PropertyValueSpecification","valueRequired":true,"valueName":"search_term_string"}}],"inLanguage":"ca"}]}},"_links":{"self":[{"href":"https:\/\/micofora.com\/ca\/wp-json\/wp\/v2\/pages\/20184","targetHints":{"allow":["GET"]}}],"collection":[{"href":"https:\/\/micofora.com\/ca\/wp-json\/wp\/v2\/pages"}],"about":[{"href":"https:\/\/micofora.com\/ca\/wp-json\/wp\/v2\/types\/page"}],"author":[{"embeddable":true,"href":"https:\/\/micofora.com\/ca\/wp-json\/wp\/v2\/users\/6"}],"replies":[{"embeddable":true,"href":"https:\/\/micofora.com\/ca\/wp-json\/wp\/v2\/comments?post=20184"}],"version-history":[{"count":0,"href":"https:\/\/micofora.com\/ca\/wp-json\/wp\/v2\/pages\/20184\/revisions"}],"wp:attachment":[{"href":"https:\/\/micofora.com\/ca\/wp-json\/wp\/v2\/media?parent=20184"}],"curies":[{"name":"wp","href":"https:\/\/api.w.org\/{rel}","templated":true}]}}