{"id":20171,"date":"2016-10-19T17:07:00","date_gmt":"2016-10-19T17:07:00","guid":{"rendered":"http:\/\/micofora.com\/ca\/?page_id=20171"},"modified":"2017-09-29T09:44:13","modified_gmt":"2017-09-29T09:44:13","slug":"analisis-de-sol-pel-cultiu-de-tofona","status":"publish","type":"page","link":"https:\/\/micofora.com\/ca\/analisis-de-sol-pel-cultiu-de-tofona\/","title":{"rendered":"An\u00e0lisis de s\u00f2l pel Cultiu de T\u00f2fona"},"content":{"rendered":"<div class=\"fusion-fullwidth fullwidth-box fusion-builder-row-1 nonhundred-percent-fullwidth non-hundred-percent-height-scrolling\" style=\"--awb-background-position:left top;--awb-border-radius-top-left:0px;--awb-border-radius-top-right:0px;--awb-border-radius-bottom-right:0px;--awb-border-radius-bottom-left:0px;--awb-padding-top:20px;--awb-padding-bottom:20px;--awb-border-sizes-top:0px;--awb-border-sizes-bottom:0px;--awb-flex-wrap:wrap;\" ><div class=\"fusion-builder-row fusion-row\"><div class=\"fusion-layout-column fusion_builder_column fusion-builder-column-0 fusion_builder_column_1_1 1_1 fusion-one-full fusion-column-first fusion-column-last\" style=\"--awb-bg-size:cover;\"><div class=\"fusion-column-wrapper fusion-flex-column-wrapper-legacy\"><div class=\"fusion-image-element fusion-image-align-center in-legacy-container\" style=\"text-align:center;--awb-caption-title-font-family:var(--h2_typography-font-family);--awb-caption-title-font-weight:var(--h2_typography-font-weight);--awb-caption-title-font-style:var(--h2_typography-font-style);--awb-caption-title-size:var(--h2_typography-font-size);--awb-caption-title-transform:var(--h2_typography-text-transform);--awb-caption-title-line-height:var(--h2_typography-line-height);--awb-caption-title-letter-spacing:var(--h2_typography-letter-spacing);\"><div class=\"imageframe-align-center\"><span class=\" fusion-imageframe imageframe-none imageframe-1 hover-type-none\"><img decoding=\"async\" width=\"1600\" height=\"618\" alt=\"An\u00e1lisis de suelo\" title=\"dsc03632-1\" src=\"https:\/\/micofora.com\/wp-content\/uploads\/2016\/10\/DSC03632-1.jpg\" class=\"img-responsive wp-image-20177\" srcset=\"https:\/\/micofora.com\/wp-content\/uploads\/2016\/10\/DSC03632-1-200x77.jpg 200w, https:\/\/micofora.com\/wp-content\/uploads\/2016\/10\/DSC03632-1-400x155.jpg 400w, https:\/\/micofora.com\/wp-content\/uploads\/2016\/10\/DSC03632-1-600x232.jpg 600w, https:\/\/micofora.com\/wp-content\/uploads\/2016\/10\/DSC03632-1-800x309.jpg 800w, https:\/\/micofora.com\/wp-content\/uploads\/2016\/10\/DSC03632-1-1200x464.jpg 1200w, https:\/\/micofora.com\/wp-content\/uploads\/2016\/10\/DSC03632-1.jpg 1600w\" sizes=\"(max-width: 800px) 100vw, 1200px\" \/><\/span><\/div><\/div><div class=\"fusion-clearfix\"><\/div><\/div><\/div><div class=\"fusion-layout-column fusion_builder_column fusion-builder-column-1 fusion_builder_column_1_3 1_3 fusion-one-third fusion-column-first\" style=\"--awb-bg-size:cover;width:30.6666%; margin-right: 4%;\"><div class=\"fusion-column-wrapper fusion-flex-column-wrapper-legacy\"><div class=\"fusion-text fusion-text-1\"><h3>Potencialitat tofonera<\/h3>\n<p style=\"text-align: left;\">Ens permet confirmar la potencialitat tofonera. Cada especie de t\u00f2fona creix a un s\u00f2l calcari particular. L\u00b4elecci\u00f3 del terreny \u00e9s un factor essencial per a l\u00b4\u00e8xit d\u00b4una plantaci\u00f3 tofonera<\/p>\n<\/div><div class=\"fusion-reading-box-container reading-box-container-1\" style=\"--awb-title-color:#333333;--awb-margin-top:0px;--awb-margin-bottom:84px;\"><div class=\"reading-box\" style=\"background-color:#f6f6f6;border-width:1px;border-color:#f6f6f6;border-top-width:3px;border-top-color:var(--primary_color);border-style:solid;\"><h2>Quant costa?<\/h2><div class=\"reading-box-additional fusion-reading-box-additional\">\n<ul>\n<li>An\u00e0lisi b\u00e0sic: 10 \u20ac<\/li>\n<li>An\u00e0lisi complert: 77 \u20ac<\/li>\n<\/ul>\n<p>Aquests preus no inclouen l&#8217;IVA<\/p>\n<\/div><div class=\"fusion-clearfix\"><\/div><\/div><\/div><div class=\"fusion-clearfix\"><\/div><\/div><\/div><div class=\"fusion-layout-column fusion_builder_column fusion-builder-column-2 fusion_builder_column_1_3 1_3 fusion-one-third\" style=\"--awb-bg-size:cover;width:30.6666%; margin-right: 4%;\"><div class=\"fusion-column-wrapper fusion-flex-column-wrapper-legacy\"><div class=\"fusion-text fusion-text-2\"><h3>An\u00e0lisi de s\u00f2l\u00a0B\u00c0SIC<\/h3>\n<p>Inclou pH, textura i Carbonats.<\/p>\n<p>Per a aquest an\u00e0lisis nom\u00e9s calen 100grams de mostra.<\/p>\n<\/div><div class=\"fusion-clearfix\"><\/div><\/div><\/div><div class=\"fusion-layout-column fusion_builder_column fusion-builder-column-3 fusion_builder_column_1_3 1_3 fusion-one-third fusion-column-last\" style=\"--awb-bg-size:cover;width:30.6666%;\"><div class=\"fusion-column-wrapper fusion-flex-column-wrapper-legacy\"><div class=\"fusion-text fusion-text-3\"><h3>An\u00e0lisi de s\u00f2l\u00a0COMPLERT<\/h3>\n<p style=\"text-align: left;\">Inclou pH, Conductivitat el\u00e8ctrica, Carbonat C\u00e0lcic equivalent, Mat\u00e8ria org\u00e0nica, Nitrogen, F\u00f2sfor, Potassi, Calci, Magnesi, Sodi, Relaci\u00f3 C\/N, Arena Total, Llims groller, Llims fins, Argila, Classe Textura USDA.<\/p>\n<p><strong>\u00a0<\/strong><\/p>\n<\/div><div class=\"fusion-button-wrapper\"><a class=\"fusion-button button-flat fusion-button-default-size button-default fusion-button-default button-1 fusion-button-default-span fusion-button-default-type\" target=\"_blank\" rel=\"noopener noreferrer\" href=\"https:\/\/www.dropbox.com\/s\/h914grbpnbtshek\/c\u00f3mo%20tomar%20muestras%20de%20suelo%2C%20dentro%20de%20servicios%20-%20analisis%20suelo%2C%20con%20boton%20para%20descargar.pdf?dl=0\"><span class=\"fusion-button-icon-divider button-icon-divider-left\"><i class=\" fa fa-file-o awb-button__icon awb-button__icon--default\" aria-hidden=\"true\"><\/i><\/span><span class=\"fusion-button-text awb-button__text awb-button__text--default fusion-button-text-left\">Com prendre mostres de s\u00f2l<\/span><\/a><\/div><div class=\"fusion-clearfix\"><\/div><\/div><\/div><\/div><\/div>\n","protected":false},"excerpt":{"rendered":"","protected":false},"author":1,"featured_media":0,"parent":0,"menu_order":0,"comment_status":"closed","ping_status":"closed","template":"","meta":{"footnotes":""},"class_list":["post-20171","page","type-page","status-publish","hentry"],"yoast_head":"<!-- This site is optimized with the Yoast SEO plugin v27.4 - https:\/\/yoast.com\/product\/yoast-seo-wordpress\/ -->\n<title>An\u00e0lisis de s\u00f2l pel Cultiu de T\u00f2fona - Micofora<\/title>\n<meta name=\"description\" content=\"analitzem el s\u00f2l o terreny per veure si s\u00b4hi pot conrear t\u00f2fones i si calen esmenes o fertilitzacions espec\u00edfiques per tal de millorar-ne la collita\" \/>\n<meta name=\"robots\" content=\"index, follow, max-snippet:-1, max-image-preview:large, max-video-preview:-1\" \/>\n<link rel=\"canonical\" href=\"https:\/\/micofora.com\/ca\/analisis-de-sol-pel-cultiu-de-tofona\/\" \/>\n<meta property=\"og:locale\" content=\"ca_ES\" \/>\n<meta property=\"og:type\" content=\"article\" \/>\n<meta property=\"og:title\" content=\"An\u00e0lisis de s\u00f2l pel Cultiu de T\u00f2fona - Micofora\" \/>\n<meta property=\"og:description\" content=\"analitzem el s\u00f2l o terreny per veure si s\u00b4hi pot conrear t\u00f2fones i si calen esmenes o fertilitzacions espec\u00edfiques per tal de millorar-ne la collita\" \/>\n<meta property=\"og:url\" content=\"https:\/\/micofora.com\/ca\/analisis-de-sol-pel-cultiu-de-tofona\/\" \/>\n<meta property=\"og:site_name\" content=\"Micofora\" \/>\n<meta property=\"article:modified_time\" content=\"2017-09-29T09:44:13+00:00\" \/>\n<meta name=\"twitter:card\" content=\"summary_large_image\" \/>\n<meta name=\"twitter:label1\" content=\"Est. reading time\" \/>\n\t<meta name=\"twitter:data1\" content=\"3 minutes\" \/>\n<script type=\"application\/ld+json\" class=\"yoast-schema-graph\">{\"@context\":\"https:\\\/\\\/schema.org\",\"@graph\":[{\"@type\":\"WebPage\",\"@id\":\"https:\\\/\\\/micofora.com\\\/ca\\\/analisis-de-sol-pel-cultiu-de-tofona\\\/\",\"url\":\"https:\\\/\\\/micofora.com\\\/ca\\\/analisis-de-sol-pel-cultiu-de-tofona\\\/\",\"name\":\"An\u00e0lisis de s\u00f2l pel Cultiu de T\u00f2fona - Micofora\",\"isPartOf\":{\"@id\":\"https:\\\/\\\/micofora.com\\\/#website\"},\"datePublished\":\"2016-10-19T17:07:00+00:00\",\"dateModified\":\"2017-09-29T09:44:13+00:00\",\"description\":\"analitzem el s\u00f2l o terreny per veure si s\u00b4hi pot conrear t\u00f2fones i si calen esmenes o fertilitzacions espec\u00edfiques per tal de millorar-ne la collita\",\"breadcrumb\":{\"@id\":\"https:\\\/\\\/micofora.com\\\/ca\\\/analisis-de-sol-pel-cultiu-de-tofona\\\/#breadcrumb\"},\"inLanguage\":\"ca\",\"potentialAction\":[{\"@type\":\"ReadAction\",\"target\":[\"https:\\\/\\\/micofora.com\\\/ca\\\/analisis-de-sol-pel-cultiu-de-tofona\\\/\"]}]},{\"@type\":\"BreadcrumbList\",\"@id\":\"https:\\\/\\\/micofora.com\\\/ca\\\/analisis-de-sol-pel-cultiu-de-tofona\\\/#breadcrumb\",\"itemListElement\":[{\"@type\":\"ListItem\",\"position\":1,\"name\":\"Portada\",\"item\":\"https:\\\/\\\/micofora.com\\\/ca\\\/\"},{\"@type\":\"ListItem\",\"position\":2,\"name\":\"An\u00e0lisis de s\u00f2l pel Cultiu de T\u00f2fona\"}]},{\"@type\":\"WebSite\",\"@id\":\"https:\\\/\\\/micofora.com\\\/#website\",\"url\":\"https:\\\/\\\/micofora.com\\\/\",\"name\":\"Micofora\",\"description\":\"Micologia Forestal &amp; Aplicada\",\"potentialAction\":[{\"@type\":\"SearchAction\",\"target\":{\"@type\":\"EntryPoint\",\"urlTemplate\":\"https:\\\/\\\/micofora.com\\\/?s={search_term_string}\"},\"query-input\":{\"@type\":\"PropertyValueSpecification\",\"valueRequired\":true,\"valueName\":\"search_term_string\"}}],\"inLanguage\":\"ca\"}]}<\/script>\n<!-- \/ Yoast SEO plugin. -->","yoast_head_json":{"title":"An\u00e0lisis de s\u00f2l pel Cultiu de T\u00f2fona - Micofora","description":"analitzem el s\u00f2l o terreny per veure si s\u00b4hi pot conrear t\u00f2fones i si calen esmenes o fertilitzacions espec\u00edfiques per tal de millorar-ne la collita","robots":{"index":"index","follow":"follow","max-snippet":"max-snippet:-1","max-image-preview":"max-image-preview:large","max-video-preview":"max-video-preview:-1"},"canonical":"https:\/\/micofora.com\/ca\/analisis-de-sol-pel-cultiu-de-tofona\/","og_locale":"ca_ES","og_type":"article","og_title":"An\u00e0lisis de s\u00f2l pel Cultiu de T\u00f2fona - Micofora","og_description":"analitzem el s\u00f2l o terreny per veure si s\u00b4hi pot conrear t\u00f2fones i si calen esmenes o fertilitzacions espec\u00edfiques per tal de millorar-ne la collita","og_url":"https:\/\/micofora.com\/ca\/analisis-de-sol-pel-cultiu-de-tofona\/","og_site_name":"Micofora","article_modified_time":"2017-09-29T09:44:13+00:00","twitter_card":"summary_large_image","twitter_misc":{"Est. reading time":"3 minutes"},"schema":{"@context":"https:\/\/schema.org","@graph":[{"@type":"WebPage","@id":"https:\/\/micofora.com\/ca\/analisis-de-sol-pel-cultiu-de-tofona\/","url":"https:\/\/micofora.com\/ca\/analisis-de-sol-pel-cultiu-de-tofona\/","name":"An\u00e0lisis de s\u00f2l pel Cultiu de T\u00f2fona - Micofora","isPartOf":{"@id":"https:\/\/micofora.com\/#website"},"datePublished":"2016-10-19T17:07:00+00:00","dateModified":"2017-09-29T09:44:13+00:00","description":"analitzem el s\u00f2l o terreny per veure si s\u00b4hi pot conrear t\u00f2fones i si calen esmenes o fertilitzacions espec\u00edfiques per tal de millorar-ne la collita","breadcrumb":{"@id":"https:\/\/micofora.com\/ca\/analisis-de-sol-pel-cultiu-de-tofona\/#breadcrumb"},"inLanguage":"ca","potentialAction":[{"@type":"ReadAction","target":["https:\/\/micofora.com\/ca\/analisis-de-sol-pel-cultiu-de-tofona\/"]}]},{"@type":"BreadcrumbList","@id":"https:\/\/micofora.com\/ca\/analisis-de-sol-pel-cultiu-de-tofona\/#breadcrumb","itemListElement":[{"@type":"ListItem","position":1,"name":"Portada","item":"https:\/\/micofora.com\/ca\/"},{"@type":"ListItem","position":2,"name":"An\u00e0lisis de s\u00f2l pel Cultiu de T\u00f2fona"}]},{"@type":"WebSite","@id":"https:\/\/micofora.com\/#website","url":"https:\/\/micofora.com\/","name":"Micofora","description":"Micologia Forestal &amp; Aplicada","potentialAction":[{"@type":"SearchAction","target":{"@type":"EntryPoint","urlTemplate":"https:\/\/micofora.com\/?s={search_term_string}"},"query-input":{"@type":"PropertyValueSpecification","valueRequired":true,"valueName":"search_term_string"}}],"inLanguage":"ca"}]}},"_links":{"self":[{"href":"https:\/\/micofora.com\/ca\/wp-json\/wp\/v2\/pages\/20171","targetHints":{"allow":["GET"]}}],"collection":[{"href":"https:\/\/micofora.com\/ca\/wp-json\/wp\/v2\/pages"}],"about":[{"href":"https:\/\/micofora.com\/ca\/wp-json\/wp\/v2\/types\/page"}],"author":[{"embeddable":true,"href":"https:\/\/micofora.com\/ca\/wp-json\/wp\/v2\/users\/1"}],"replies":[{"embeddable":true,"href":"https:\/\/micofora.com\/ca\/wp-json\/wp\/v2\/comments?post=20171"}],"version-history":[{"count":0,"href":"https:\/\/micofora.com\/ca\/wp-json\/wp\/v2\/pages\/20171\/revisions"}],"wp:attachment":[{"href":"https:\/\/micofora.com\/ca\/wp-json\/wp\/v2\/media?parent=20171"}],"curies":[{"name":"wp","href":"https:\/\/api.w.org\/{rel}","templated":true}]}}