{"id":20167,"date":"2016-10-19T16:54:54","date_gmt":"2016-10-19T16:54:54","guid":{"rendered":"http:\/\/micofora.com\/ca\/?page_id=20167"},"modified":"2020-11-02T14:52:22","modified_gmt":"2020-11-02T14:52:22","slug":"analisi-adn-i-micorrizes-per-al-cultiu-de-tofones","status":"publish","type":"page","link":"https:\/\/micofora.com\/ca\/analisi-adn-i-micorrizes-per-al-cultiu-de-tofones\/","title":{"rendered":"An\u00e0lisi ADN i Micorrizes per al cultiu de t\u00f2fones"},"content":{"rendered":"<div class=\"fusion-fullwidth fullwidth-box fusion-builder-row-1 nonhundred-percent-fullwidth non-hundred-percent-height-scrolling\" style=\"--awb-background-position:left top;--awb-border-radius-top-left:0px;--awb-border-radius-top-right:0px;--awb-border-radius-bottom-right:0px;--awb-border-radius-bottom-left:0px;--awb-padding-top:20px;--awb-padding-bottom:20px;--awb-border-sizes-top:0px;--awb-border-sizes-bottom:0px;--awb-flex-wrap:wrap;\" ><div class=\"fusion-builder-row fusion-row\"><div class=\"fusion-layout-column fusion_builder_column fusion-builder-column-0 fusion_builder_column_1_3 1_3 fusion-one-third fusion-column-first\" style=\"--awb-bg-size:cover;width:30.6666%; margin-right: 4%;\"><div class=\"fusion-column-wrapper fusion-flex-column-wrapper-legacy\"><div class=\"fusion-image-element in-legacy-container\" style=\"--awb-caption-title-font-family:var(--h2_typography-font-family);--awb-caption-title-font-weight:var(--h2_typography-font-weight);--awb-caption-title-font-style:var(--h2_typography-font-style);--awb-caption-title-size:var(--h2_typography-font-size);--awb-caption-title-transform:var(--h2_typography-text-transform);--awb-caption-title-line-height:var(--h2_typography-line-height);--awb-caption-title-letter-spacing:var(--h2_typography-letter-spacing);\"><span class=\" fusion-imageframe imageframe-none imageframe-1 hover-type-zoomin\"><img decoding=\"async\" width=\"600\" height=\"485\" title=\"imagen-1\" src=\"https:\/\/micofora.com\/wp-content\/uploads\/2016\/09\/Imagen-1.png\" alt class=\"img-responsive wp-image-22736\" srcset=\"https:\/\/micofora.com\/wp-content\/uploads\/2016\/09\/Imagen-1-200x162.png 200w, https:\/\/micofora.com\/wp-content\/uploads\/2016\/09\/Imagen-1-400x323.png 400w, https:\/\/micofora.com\/wp-content\/uploads\/2016\/09\/Imagen-1.png 600w\" sizes=\"(max-width: 800px) 100vw, 400px\" \/><\/span><\/div><div class=\"fusion-sep-clear\"><\/div><div class=\"fusion-separator fusion-full-width-sep fusion-clearfix\" style=\"float:left;margin-top:10px;margin-bottom:49px;width:100%;\"><\/div><div class=\"fusion-sep-clear\"><\/div><div class=\"fusion-text fusion-text-1\"><h3>An\u00e0lisi de l&#8217;estat de micorizaci\u00f3<\/h3>\n<p style=\"text-align: justify;\">Informa si l&#8217;arbre mant\u00e9 la t\u00f2fona i, per tant, el seu potencial de producci\u00f3, al mateix temps que permet veure els nivells d&#8217;altres fongs contaminants i la seva proporci\u00f3 relativa.<\/p>\n<\/div><div class=\"fusion-reading-box-container reading-box-container-1\" style=\"--awb-title-color:#333333;--awb-margin-top:0px;--awb-margin-bottom:84px;\"><div class=\"reading-box\" style=\"background-color:#f6f6f6;border-width:1px;border-color:#f6f6f6;border-top-width:3px;border-top-color:var(--primary_color);border-style:solid;\"><h2>Quant costa?<\/h2><div class=\"reading-box-additional fusion-reading-box-additional\">\n<p>AN\u00c0LISI MICORIZES AL MICROSCOPI<\/p>\n<ul>\n<li>45\u20acmostra per una planta sencera de viver o\u00a0per arrels preses en camp<\/li>\n<\/ul>\n<p>AN\u00c0LISI ADN<\/p>\n<ul>\n<li>40 \u20ac mostra de s\u00f2l PCR qualitativa<\/li>\n<li>75 \u20ac mostra de s\u00f2l PCR quantitativa<\/li>\n<\/ul>\n<p>Aquests preus no inclouen l&#8217;IVA<\/p>\n<\/div><div class=\"fusion-clearfix\"><\/div><\/div><\/div><div class=\"fusion-clearfix\"><\/div><\/div><\/div><div class=\"fusion-layout-column fusion_builder_column fusion-builder-column-1 fusion_builder_column_1_3 1_3 fusion-one-third\" style=\"--awb-bg-size:cover;width:30.6666%; margin-right: 4%;\"><div class=\"fusion-column-wrapper fusion-flex-column-wrapper-legacy\"><div class=\"fusion-image-element in-legacy-container\" style=\"--awb-caption-title-font-family:var(--h2_typography-font-family);--awb-caption-title-font-weight:var(--h2_typography-font-weight);--awb-caption-title-font-style:var(--h2_typography-font-style);--awb-caption-title-size:var(--h2_typography-font-size);--awb-caption-title-transform:var(--h2_typography-text-transform);--awb-caption-title-line-height:var(--h2_typography-line-height);--awb-caption-title-letter-spacing:var(--h2_typography-letter-spacing);\"><span class=\" fusion-imageframe imageframe-none imageframe-2 hover-type-zoomin\"><a href=\"https:\/\/micofora.com\/wp-content\/uploads\/2016\/09\/corva-referencia-.jpg\" class=\"fusion-lightbox\" data-rel=\"iLightbox[6ecd86c0a457b8df474]\" data-title=\"corva-referencia\" title=\"corva-referencia\"><img decoding=\"async\" width=\"1239\" height=\"998\" src=\"https:\/\/micofora.com\/wp-content\/uploads\/2016\/09\/corva-referencia-.jpg\" alt class=\"img-responsive wp-image-22731\" srcset=\"https:\/\/micofora.com\/wp-content\/uploads\/2016\/09\/corva-referencia--200x161.jpg 200w, https:\/\/micofora.com\/wp-content\/uploads\/2016\/09\/corva-referencia--400x322.jpg 400w, https:\/\/micofora.com\/wp-content\/uploads\/2016\/09\/corva-referencia--600x483.jpg 600w, https:\/\/micofora.com\/wp-content\/uploads\/2016\/09\/corva-referencia--800x644.jpg 800w, https:\/\/micofora.com\/wp-content\/uploads\/2016\/09\/corva-referencia--1200x967.jpg 1200w, https:\/\/micofora.com\/wp-content\/uploads\/2016\/09\/corva-referencia-.jpg 1239w\" sizes=\"(max-width: 800px) 100vw, 400px\" \/><\/a><\/span><\/div><div class=\"fusion-sep-clear\"><\/div><div class=\"fusion-separator fusion-full-width-sep fusion-clearfix\" style=\"float:left;margin-top:10px;margin-bottom:10px;width:100%;\"><\/div><div class=\"fusion-sep-clear\"><\/div><div class=\"fusion-text fusion-text-2\"><h3><strong>Quantificaci\u00f3 del miceli mitjan\u00e7ant an\u00e0lisis moleculars<\/strong><\/h3>\n<p style=\"text-align: justify;\">Les an\u00e0lisis moleculars es basen en la PCR quantitativa. Aquesta t\u00e8cnica \u00e9s inn\u00f2cua per a la plantaci\u00f3 i senzilla, ja que el mateix truficultor pot prendre les mostres de s\u00f2l necess\u00e0ries. Un cop al laboratori, s&#8217;amplifica la t\u00f2fona a nivell d&#8217;esp\u00e8cie i es compara amb una corba patr\u00f3 amb quantitats conegudes de miceli. A trav\u00e9s d&#8217;un projecte d&#8217;I + D vam crear les corbes patr\u00f3 de refer\u00e8ncia per Q. ilex en tofoneres de diferents edats, comparant plantes amb i sense producci\u00f3.<\/p>\n<\/div><div class=\"fusion-clearfix\"><\/div><\/div><\/div><div class=\"fusion-layout-column fusion_builder_column fusion-builder-column-2 fusion_builder_column_1_3 1_3 fusion-one-third fusion-column-last\" style=\"--awb-bg-size:cover;width:30.6666%;\"><div class=\"fusion-column-wrapper fusion-flex-column-wrapper-legacy\"><div class=\"fusion-image-element in-legacy-container\" style=\"--awb-caption-title-font-family:var(--h2_typography-font-family);--awb-caption-title-font-weight:var(--h2_typography-font-weight);--awb-caption-title-font-style:var(--h2_typography-font-style);--awb-caption-title-size:var(--h2_typography-font-size);--awb-caption-title-transform:var(--h2_typography-text-transform);--awb-caption-title-line-height:var(--h2_typography-line-height);--awb-caption-title-letter-spacing:var(--h2_typography-letter-spacing);\"><span class=\" fusion-imageframe imageframe-none imageframe-3 hover-type-zoomin\"><a href=\"https:\/\/micofora.com\/wp-content\/uploads\/2016\/09\/evolucion-concentraci.png\" class=\"fusion-lightbox\" data-rel=\"iLightbox[7f75fe3e87d9438b1b3]\" data-title=\"evolucion-concentraci\" title=\"evolucion-concentraci\"><img decoding=\"async\" width=\"732\" height=\"466\" src=\"https:\/\/micofora.com\/wp-content\/uploads\/2016\/09\/evolucion-concentraci.png\" alt class=\"img-responsive wp-image-22747\" srcset=\"https:\/\/micofora.com\/wp-content\/uploads\/2016\/09\/evolucion-concentraci-200x127.png 200w, https:\/\/micofora.com\/wp-content\/uploads\/2016\/09\/evolucion-concentraci-400x255.png 400w, https:\/\/micofora.com\/wp-content\/uploads\/2016\/09\/evolucion-concentraci-600x382.png 600w, https:\/\/micofora.com\/wp-content\/uploads\/2016\/09\/evolucion-concentraci.png 732w\" sizes=\"(max-width: 800px) 100vw, 400px\" \/><\/a><\/span><\/div><div class=\"fusion-sep-clear\"><\/div><div class=\"fusion-separator fusion-full-width-sep fusion-clearfix\" style=\"float:left;margin-top:10px;margin-bottom:10px;width:100%;\"><\/div><div class=\"fusion-sep-clear\"><\/div><div class=\"fusion-text fusion-text-3\"><h6>Clic en els gr\u00e0fics per veure grans<\/h6>\n<\/div><div class=\"fusion-sep-clear\"><\/div><div class=\"fusion-separator fusion-full-width-sep fusion-clearfix\" style=\"float:left;margin-top:10px;margin-bottom:10px;width:100%;\"><\/div><div class=\"fusion-sep-clear\"><\/div><div class=\"fusion-text fusion-text-4\"><h4>M\u00e9s informaci\u00f3 sobre aquestes t\u00e8cniques:<\/h4>\n<\/div><div class=\"fusion-sep-clear\"><\/div><div class=\"fusion-separator fusion-full-width-sep fusion-clearfix\" style=\"float:left;margin-top:10px;margin-bottom:10px;width:100%;\"><\/div><div class=\"fusion-sep-clear\"><\/div><div class=\"fusion-button-wrapper\"><a class=\"fusion-button button-flat fusion-button-default-size button-default fusion-button-default button-1 fusion-button-default-span fusion-button-default-type\" target=\"_blank\" rel=\"noopener noreferrer\" href=\"https:\/\/micofora.com\/wp-content\/uploads\/2020\/10\/Ana\u0301lisis-ADN-para-seguimiento-plantaciones-truferas-.pdf\"><span class=\"fusion-button-text awb-button__text awb-button__text--default\">per qu\u00e8 quantificar el miceli de t\u00f2fona <\/span><\/a><\/div><div class=\"fusion-sep-clear\"><\/div><div class=\"fusion-separator fusion-full-width-sep fusion-clearfix\" style=\"float:left;margin-top:10px;margin-bottom:10px;width:100%;\"><\/div><div class=\"fusion-sep-clear\"><\/div><div class=\"fusion-button-wrapper\"><a class=\"fusion-button button-flat fusion-button-default-size button-default fusion-button-default button-2 fusion-button-default-span fusion-button-default-type\" target=\"_blank\" rel=\"noopener noreferrer\" href=\"https:\/\/micofora.com\/wp-content\/uploads\/2020\/10\/Co\u0301mo-tomar-muestras-para-cuantificacio\u0301n-de-micelio-de-Tuber-por-ADN.pdf\"><span class=\"fusion-button-text awb-button__text awb-button__text--default\">Demaneu el servei d&#8217;An\u00e0lisi d&#8217;ADN en plantacions tofoneres<\/span><\/a><\/div><div class=\"fusion-sep-clear\"><\/div><div class=\"fusion-separator fusion-full-width-sep fusion-clearfix\" style=\"float:left;margin-top:10px;margin-bottom:10px;width:100%;\"><\/div><div class=\"fusion-sep-clear\"><\/div><div class=\"fusion-button-wrapper\"><a class=\"fusion-button button-flat fusion-button-default-size button-default fusion-button-default button-3 fusion-button-default-span fusion-button-default-type\" target=\"_blank\" rel=\"noopener noreferrer\" href=\"https:\/\/micofora.com\/wp-content\/uploads\/2019\/09\/C\u00f3mo-tomar-muestras-para-ANALISIS-DE-MICORRIZAS.pdf\"><span class=\"fusion-button-text awb-button__text awb-button__text--default\">Demaneu el servei d&#8217;An\u00e0lisi de MICORIZES<\/span><\/a><\/div><div class=\"fusion-clearfix\"><\/div><\/div><\/div><\/div><\/div>\n","protected":false},"excerpt":{"rendered":"","protected":false},"author":1,"featured_media":0,"parent":0,"menu_order":0,"comment_status":"closed","ping_status":"closed","template":"","meta":{"footnotes":""},"class_list":["post-20167","page","type-page","status-publish","hentry"],"yoast_head":"<!-- This site is optimized with the Yoast SEO plugin v27.4 - https:\/\/yoast.com\/product\/yoast-seo-wordpress\/ -->\n<title>An\u00e0lisi ADN i Micorrizes per al cultiu de t\u00f2fones - Micofora<\/title>\n<meta name=\"description\" content=\"Fem an\u00e0lisis de micorrizes i ADN per tal d&#039;auditar l&#039;estat de la teva plantaci\u00f3, el potencial de producci\u00f3 i la pres\u00e8ncia d&#039;altres fongs micorr\u00edzics.\" \/>\n<meta name=\"robots\" content=\"index, follow, max-snippet:-1, max-image-preview:large, max-video-preview:-1\" \/>\n<link rel=\"canonical\" href=\"https:\/\/micofora.com\/ca\/analisi-adn-i-micorrizes-per-al-cultiu-de-tofones\/\" \/>\n<meta property=\"og:locale\" content=\"ca_ES\" \/>\n<meta property=\"og:type\" content=\"article\" \/>\n<meta property=\"og:title\" content=\"An\u00e0lisi ADN i Micorrizes per al cultiu de t\u00f2fones - Micofora\" \/>\n<meta property=\"og:description\" content=\"Fem an\u00e0lisis de micorrizes i ADN per tal d&#039;auditar l&#039;estat de la teva plantaci\u00f3, el potencial de producci\u00f3 i la pres\u00e8ncia d&#039;altres fongs micorr\u00edzics.\" \/>\n<meta property=\"og:url\" content=\"https:\/\/micofora.com\/ca\/analisi-adn-i-micorrizes-per-al-cultiu-de-tofones\/\" \/>\n<meta property=\"og:site_name\" content=\"Micofora\" \/>\n<meta property=\"article:modified_time\" content=\"2020-11-02T14:52:22+00:00\" \/>\n<meta name=\"twitter:card\" content=\"summary_large_image\" \/>\n<meta name=\"twitter:label1\" content=\"Est. reading time\" \/>\n\t<meta name=\"twitter:data1\" content=\"6 minutes\" \/>\n<script type=\"application\/ld+json\" class=\"yoast-schema-graph\">{\"@context\":\"https:\\\/\\\/schema.org\",\"@graph\":[{\"@type\":\"WebPage\",\"@id\":\"https:\\\/\\\/micofora.com\\\/ca\\\/analisi-adn-i-micorrizes-per-al-cultiu-de-tofones\\\/\",\"url\":\"https:\\\/\\\/micofora.com\\\/ca\\\/analisi-adn-i-micorrizes-per-al-cultiu-de-tofones\\\/\",\"name\":\"An\u00e0lisi ADN i Micorrizes per al cultiu de t\u00f2fones - Micofora\",\"isPartOf\":{\"@id\":\"https:\\\/\\\/micofora.com\\\/#website\"},\"datePublished\":\"2016-10-19T16:54:54+00:00\",\"dateModified\":\"2020-11-02T14:52:22+00:00\",\"description\":\"Fem an\u00e0lisis de micorrizes i ADN per tal d'auditar l'estat de la teva plantaci\u00f3, el potencial de producci\u00f3 i la pres\u00e8ncia d'altres fongs micorr\u00edzics.\",\"breadcrumb\":{\"@id\":\"https:\\\/\\\/micofora.com\\\/ca\\\/analisi-adn-i-micorrizes-per-al-cultiu-de-tofones\\\/#breadcrumb\"},\"inLanguage\":\"ca\",\"potentialAction\":[{\"@type\":\"ReadAction\",\"target\":[\"https:\\\/\\\/micofora.com\\\/ca\\\/analisi-adn-i-micorrizes-per-al-cultiu-de-tofones\\\/\"]}]},{\"@type\":\"BreadcrumbList\",\"@id\":\"https:\\\/\\\/micofora.com\\\/ca\\\/analisi-adn-i-micorrizes-per-al-cultiu-de-tofones\\\/#breadcrumb\",\"itemListElement\":[{\"@type\":\"ListItem\",\"position\":1,\"name\":\"Portada\",\"item\":\"https:\\\/\\\/micofora.com\\\/ca\\\/\"},{\"@type\":\"ListItem\",\"position\":2,\"name\":\"An\u00e0lisi ADN i Micorrizes per al cultiu de t\u00f2fones\"}]},{\"@type\":\"WebSite\",\"@id\":\"https:\\\/\\\/micofora.com\\\/#website\",\"url\":\"https:\\\/\\\/micofora.com\\\/\",\"name\":\"Micofora\",\"description\":\"Micologia Forestal &amp; Aplicada\",\"potentialAction\":[{\"@type\":\"SearchAction\",\"target\":{\"@type\":\"EntryPoint\",\"urlTemplate\":\"https:\\\/\\\/micofora.com\\\/?s={search_term_string}\"},\"query-input\":{\"@type\":\"PropertyValueSpecification\",\"valueRequired\":true,\"valueName\":\"search_term_string\"}}],\"inLanguage\":\"ca\"}]}<\/script>\n<!-- \/ Yoast SEO plugin. -->","yoast_head_json":{"title":"An\u00e0lisi ADN i Micorrizes per al cultiu de t\u00f2fones - Micofora","description":"Fem an\u00e0lisis de micorrizes i ADN per tal d'auditar l'estat de la teva plantaci\u00f3, el potencial de producci\u00f3 i la pres\u00e8ncia d'altres fongs micorr\u00edzics.","robots":{"index":"index","follow":"follow","max-snippet":"max-snippet:-1","max-image-preview":"max-image-preview:large","max-video-preview":"max-video-preview:-1"},"canonical":"https:\/\/micofora.com\/ca\/analisi-adn-i-micorrizes-per-al-cultiu-de-tofones\/","og_locale":"ca_ES","og_type":"article","og_title":"An\u00e0lisi ADN i Micorrizes per al cultiu de t\u00f2fones - Micofora","og_description":"Fem an\u00e0lisis de micorrizes i ADN per tal d'auditar l'estat de la teva plantaci\u00f3, el potencial de producci\u00f3 i la pres\u00e8ncia d'altres fongs micorr\u00edzics.","og_url":"https:\/\/micofora.com\/ca\/analisi-adn-i-micorrizes-per-al-cultiu-de-tofones\/","og_site_name":"Micofora","article_modified_time":"2020-11-02T14:52:22+00:00","twitter_card":"summary_large_image","twitter_misc":{"Est. reading time":"6 minutes"},"schema":{"@context":"https:\/\/schema.org","@graph":[{"@type":"WebPage","@id":"https:\/\/micofora.com\/ca\/analisi-adn-i-micorrizes-per-al-cultiu-de-tofones\/","url":"https:\/\/micofora.com\/ca\/analisi-adn-i-micorrizes-per-al-cultiu-de-tofones\/","name":"An\u00e0lisi ADN i Micorrizes per al cultiu de t\u00f2fones - Micofora","isPartOf":{"@id":"https:\/\/micofora.com\/#website"},"datePublished":"2016-10-19T16:54:54+00:00","dateModified":"2020-11-02T14:52:22+00:00","description":"Fem an\u00e0lisis de micorrizes i ADN per tal d'auditar l'estat de la teva plantaci\u00f3, el potencial de producci\u00f3 i la pres\u00e8ncia d'altres fongs micorr\u00edzics.","breadcrumb":{"@id":"https:\/\/micofora.com\/ca\/analisi-adn-i-micorrizes-per-al-cultiu-de-tofones\/#breadcrumb"},"inLanguage":"ca","potentialAction":[{"@type":"ReadAction","target":["https:\/\/micofora.com\/ca\/analisi-adn-i-micorrizes-per-al-cultiu-de-tofones\/"]}]},{"@type":"BreadcrumbList","@id":"https:\/\/micofora.com\/ca\/analisi-adn-i-micorrizes-per-al-cultiu-de-tofones\/#breadcrumb","itemListElement":[{"@type":"ListItem","position":1,"name":"Portada","item":"https:\/\/micofora.com\/ca\/"},{"@type":"ListItem","position":2,"name":"An\u00e0lisi ADN i Micorrizes per al cultiu de t\u00f2fones"}]},{"@type":"WebSite","@id":"https:\/\/micofora.com\/#website","url":"https:\/\/micofora.com\/","name":"Micofora","description":"Micologia Forestal &amp; Aplicada","potentialAction":[{"@type":"SearchAction","target":{"@type":"EntryPoint","urlTemplate":"https:\/\/micofora.com\/?s={search_term_string}"},"query-input":{"@type":"PropertyValueSpecification","valueRequired":true,"valueName":"search_term_string"}}],"inLanguage":"ca"}]}},"_links":{"self":[{"href":"https:\/\/micofora.com\/ca\/wp-json\/wp\/v2\/pages\/20167","targetHints":{"allow":["GET"]}}],"collection":[{"href":"https:\/\/micofora.com\/ca\/wp-json\/wp\/v2\/pages"}],"about":[{"href":"https:\/\/micofora.com\/ca\/wp-json\/wp\/v2\/types\/page"}],"author":[{"embeddable":true,"href":"https:\/\/micofora.com\/ca\/wp-json\/wp\/v2\/users\/1"}],"replies":[{"embeddable":true,"href":"https:\/\/micofora.com\/ca\/wp-json\/wp\/v2\/comments?post=20167"}],"version-history":[{"count":0,"href":"https:\/\/micofora.com\/ca\/wp-json\/wp\/v2\/pages\/20167\/revisions"}],"wp:attachment":[{"href":"https:\/\/micofora.com\/ca\/wp-json\/wp\/v2\/media?parent=20167"}],"curies":[{"name":"wp","href":"https:\/\/api.w.org\/{rel}","templated":true}]}}